{"id":67,"date":"2016-06-22T01:33:14","date_gmt":"2016-06-22T00:33:14","guid":{"rendered":"https:\/\/the7.io\/construction\/?page_id=67"},"modified":"2022-12-14T12:18:43","modified_gmt":"2022-12-14T12:18:43","slug":"popravak-i-izrada-novih-hidraulicnih-cilindara","status":"publish","type":"page","link":"https:\/\/hidel.hr\/en\/nase-usluge\/popravak-i-izrada-novih-hidraulicnih-cilindara\/","title":{"rendered":"Repair and manufacture of new hydraulic cylinders"},"content":{"rendered":"<div class=\"wpb-content-wrapper\"><p>[vc_row full_width=&#8221;stretch_row&#8221; gap=&#8221;30&#8243; type=&#8221;vc_default&#8221; margin_top=&#8221;5&#8243; margin_bottom=&#8221;15&#8243; css=&#8221;.vc_custom_1667652656906{margin-bottom: 60px !important;}&#8221;][vc_column offset=&#8221;vc_col-lg-6 vc_col-md-6 vc_col-xs-12&#8243;][vc_column_text]<span style=\"color: #fbc02d;\"><i class=\"fa fa-cog fa-spin fa-5x fa-fw\"><\/i> <span class=\"sr-only\">Loading&#8230;<\/span><\/span>[\/vc_column_text]<div id=\"ultimate-heading-833669f478ebafa38\" class=\"uvc-heading ult-adjust-bottom-margin ultimate-heading-833669f478ebafa38 uvc-8293 accent-border-color\" data-hspacer=\"no_spacer\"  data-halign=\"left\" style=\"text-align:left\"><div class=\"uvc-heading-spacer no_spacer\" style=\"top\"><\/div><div class=\"uvc-main-heading ult-responsive\"  data-ultimate-target='.uvc-heading.ultimate-heading-833669f478ebafa38 h6'  data-responsive-json-new='{\"font-size\":\"desktop:30px;\",\"line-height\":\"desktop:44px;\"}' ><h6 style=\"--font-weight:theme;\">A hydraulic cylinder or linear hydraulic motor is the most common executive part in a hydraulic drive which serves to convert the energy of the hydraulic fluid into mechanical work and is an indispensable part of the hydraulic drive.<\/h6><\/div><\/div>[\/vc_column][vc_column offset=&#8221;vc_col-lg-6 vc_col-md-6 vc_col-xs-12&#8243;]<div id=\"ultimate-heading-156369f478ebafa7d\" class=\"uvc-heading ult-adjust-bottom-margin ultimate-heading-156369f478ebafa7d uvc-7438 accent-border-color uvc-heading-default-font-sizes\" data-hspacer=\"line_only\"  data-halign=\"left\" style=\"text-align:left\"><div class=\"uvc-main-heading ult-responsive\"  data-ultimate-target='.uvc-heading.ultimate-heading-156369f478ebafa7d h3'  data-responsive-json-new='{\"font-size\":\"\",\"line-height\":\"\"}' ><h3 style=\"font-weight:bold;\">We can repair or make a new hydraulic cylinder with high quality and in the shortest possible time<\/h3><\/div><div class=\"uvc-heading-spacer line_only\" style=\"margin-top:15px;margin-bottom:40px;height:8px;\"><span class=\"uvc-headings-line\" style=\"border-style:solid;border-bottom-width:8px;border-color:;width:80px;\"><\/span><\/div><\/div><div class=\"standard-number-list bullet-top\"><ul>\n<li>standard two-piece cylinder<\/li>\n<li>telescopic piston cylinder<\/li>\n<li>cylinder equipment<\/li>\n<\/ul>\n<\/div>[\/vc_column][\/vc_row][vc_row full_width=&#8221;stretch_row&#8221; gap=&#8221;30&#8243; css=&#8221;.vc_custom_1667652723668{padding-top: 60px !important;padding-bottom: 60px !important;background-color: #f1f3f5 !important;}&#8221;][vc_column width=&#8221;1\/2&#8243;]<div id=\"ultimate-heading-287869f478ebafb35\" class=\"uvc-heading ult-adjust-bottom-margin ultimate-heading-287869f478ebafb35 uvc-8355 accent-border-color\" data-hspacer=\"line_only\"  data-halign=\"left\" style=\"text-align:left\"><div class=\"uvc-main-heading ult-responsive\"  data-ultimate-target='.uvc-heading.ultimate-heading-287869f478ebafb35 h1'  data-responsive-json-new='{\"font-size\":\"desktop:26px;\",\"line-height\":\"desktop:36px;\"}' ><h1 style=\"font-weight:bold;\">Hydraulic cylinder repair<\/h1><\/div><div class=\"uvc-heading-spacer line_only\" style=\"margin-top:15px;margin-bottom:35px;height:8px;\"><span class=\"uvc-headings-line\" style=\"border-style:solid;border-bottom-width:8px;border-color:;width:80px;\"><\/span><\/div><div class=\"uvc-sub-heading ult-responsive\"  data-ultimate-target='.uvc-heading.ultimate-heading-287869f478ebafb35 .uvc-sub-heading '  data-responsive-json-new='{\"font-size\":\"\",\"line-height\":\"\"}'  style=\"font-weight:normal;margin-bottom:20px;\">A standard hydraulic cylinder repair includes:<\/div><\/div><div class=\"standard-number-list bullet-top\"><ul>\n<li>Cylinder cleaning<\/li>\n<li>Complete disassembly of all parts: cylinder guides, pulling out the connecting rod, disassembling the cylinder piston<\/li>\n<li>Cleaning of parts: disassembly of sealing elements, disassembly of guides, disassembly of slides<\/li>\n<li>Mechanical cleaning: polishing of the connecting rod, polishing of the sealing grooves, internal polishing of the cylinder tube<\/li>\n<li>Replacement of all sealing and soft parts that are on our stock<\/li>\n<li>Assembling the hydraulic cylinder: mounting the piston on the connecting rod, inserting it into the cylinder tube, placing the guide<\/li>\n<li>Checking the operation of the hydraulic cylinder: checking the correct operation and pressure test<\/li>\n<li>Packaging for transport<\/li>\n<\/ul>\n<\/div>[vc_column_text css=&#8221;.vc_custom_1671017562842{padding-top: 20px !important;}&#8221;]With many years of experience, we can confirm that a high-quality repair is the cheapest and ensures the full functionality of the renewed part and is of the same quality as a new cylinder, thereby reducing production downtime and unplanned costs.[\/vc_column_text][\/vc_column][vc_column width=&#8221;1\/2&#8243;]<style type=\"text\/css\" data-type=\"the7_shortcodes-inline-css\">.shortcode-single-image-wrap.shortcode-single-image-d1ccbb11943ef09718c3425f9de42f01.enable-bg-rollover .rollover i,\n.shortcode-single-image-wrap.shortcode-single-image-d1ccbb11943ef09718c3425f9de42f01.enable-bg-rollover .rollover-video i {\n  background: -webkit-linear-gradient();\n  background: linear-gradient();\n}\n.shortcode-single-image-wrap.shortcode-single-image-d1ccbb11943ef09718c3425f9de42f01 .rollover-icon {\n  font-size: 32px;\n  color: #ffffff;\n  min-width: 44px;\n  min-height: 44px;\n  line-height: 44px;\n  border-radius: 100px;\n  border-style: solid;\n  border-width: 0px;\n}\n.dt-icon-bg-on.shortcode-single-image-wrap.shortcode-single-image-d1ccbb11943ef09718c3425f9de42f01 .rollover-icon {\n  background: rgba(255,255,255,0.3);\n  box-shadow: none;\n}\n<\/style><div class=\"shortcode-single-image-wrap shortcode-single-image-d1ccbb11943ef09718c3425f9de42f01 alignnone  vc_custom_1670940763275 enable-bg-rollover dt-icon-bg-off\" ><div class=\"shortcode-single-image\"><div class=\"fancy-media-wrap  layzr-bg\" style=\"\"><img fetchpriority=\"high\" decoding=\"async\" class=\"preload-me lazy-load aspect\" src=\"data:image\/svg+xml,%3Csvg%20xmlns%3D&#39;http%3A%2F%2Fwww.w3.org%2F2000%2Fsvg&#39;%20viewBox%3D&#39;0%200%20600%20300&#39;%2F%3E\" data-src=\"https:\/\/hidel.hr\/wp-content\/uploads\/2022\/12\/Popravak-i-izrada-novih-hidraulicnih-cilindara.jpg\" data-srcset=\"https:\/\/hidel.hr\/wp-content\/uploads\/2022\/12\/Popravak-i-izrada-novih-hidraulicnih-cilindara.jpg 600w\" loading=\"eager\" sizes=\"(max-width: 600px) 100vw, 600px\" width=\"600\" height=\"300\"  data-dt-location=\"https:\/\/hidel.hr\/en\/nase-usluge\/popravak-i-izrada-novih-hidraulicnih-cilindara\/popravak-i-izrada-novih-hidraulicnih-cilindara-2\/\" style=\"--ratio: 600 \/ 300;\" alt=\"Popravak i izrada novih hidrauli\u010dnih cilindara\" \/><\/div><\/div><\/div><div id=\"ultimate-heading-878469f478ebb01fe\" class=\"uvc-heading ult-adjust-bottom-margin ultimate-heading-878469f478ebb01fe uvc-2702 accent-border-color\" data-hspacer=\"line_only\"  data-halign=\"left\" style=\"text-align:left\"><div class=\"uvc-main-heading ult-responsive\"  data-ultimate-target='.uvc-heading.ultimate-heading-878469f478ebb01fe h1'  data-responsive-json-new='{\"font-size\":\"desktop:26px;\",\"line-height\":\"desktop:36px;\"}' ><h1 style=\"font-weight:bold;\">Production of new hydraulic cylinders<\/h1><\/div><div class=\"uvc-heading-spacer line_only\" style=\"margin-top:15px;margin-bottom:40px;height:8px;\"><span class=\"uvc-headings-line\" style=\"border-style:solid;border-bottom-width:8px;border-color:;width:80px;\"><\/span><\/div><\/div>[vc_column_text]Using reverse engineering, we can produce new hydraulic cylinders of all sizes. We can manufacture all parts of hydraulic cylinders as well as complete item. In this way, we enable the repair of hydraulic systems for which there are no replacement spare parts available.[\/vc_column_text][\/vc_column][\/vc_row]<\/p>\n<\/div>","protected":false},"excerpt":{"rendered":"<p>[vc_row full_width=&#8221;stretch_row&#8221; gap=&#8221;30&#8243; type=&#8221;vc_default&#8221; margin_top=&#8221;5&#8243; margin_bottom=&#8221;15&#8243; css=&#8221;.vc_custom_1667652656906{margin-bottom: 60px !important;}&#8221;][vc_column offset=&#8221;vc_col-lg-6 vc_col-md-6 vc_col-xs-12&#8243;][vc_column_text] Loading&#8230;[\/vc_column_text][\/vc_column][vc_column offset=&#8221;vc_col-lg-6 vc_col-md-6 vc_col-xs-12&#8243;][\/vc_column][\/vc_row][vc_row full_width=&#8221;stretch_row&#8221; gap=&#8221;30&#8243; css=&#8221;.vc_custom_1667652723668{padding-top: 60px !important;padding-bottom: 60px !important;background-color: #f1f3f5 !important;}&#8221;][vc_column width=&#8221;1\/2&#8243;][vc_column_text css=&#8221;.vc_custom_1671017562842{padding-top: 20px !important;}&#8221;]With many years of experience, we can confirm that a high-quality repair is the cheapest and ensures the full functionality of the renewed part and is of&hellip;<\/p>\n","protected":false},"author":1,"featured_media":0,"parent":1389,"menu_order":0,"comment_status":"closed","ping_status":"closed","template":"","meta":{"footnotes":""},"class_list":["post-67","page","type-page","status-publish","hentry","description-off"],"yoast_head":"<!-- This site is optimized with the Yoast SEO plugin v25.6 - https:\/\/yoast.com\/wordpress\/plugins\/seo\/ -->\n<title>Repair and manufacture of new hydraulic cylinders - Hidel hydraulics<\/title>\n<meta name=\"description\" content=\"Popravljamo i izra\u0111ujemo nove hidrauli\u010dne cilindre. Hidrauli\u010dki cilindar ili linearni hidrauli\u010dki motor je naj\u010de\u0161\u0107i izvr\u0161ni dio u hidrauli\u010dkom pogonu.\" \/>\n<meta name=\"robots\" content=\"index, follow, max-snippet:-1, max-image-preview:large, max-video-preview:-1\" \/>\n<link rel=\"canonical\" href=\"https:\/\/hidel.hr\/nase-usluge\/popravak-i-izrada-novih-hidraulicnih-cilindara\/\" \/>\n<meta property=\"og:locale\" content=\"en_US\" \/>\n<meta property=\"og:type\" content=\"article\" \/>\n<meta property=\"og:title\" content=\"[:hr]Popravak i izrada novih hidrauli\u010dnih cilindara[:en]Repair and manufacture of new hydraulic cylinders[:] - Hidel hydraulics\" \/>\n<meta property=\"og:description\" content=\"Popravljamo i izra\u0111ujemo nove hidrauli\u010dne cilindre. Hidrauli\u010dki cilindar ili linearni hidrauli\u010dki motor je naj\u010de\u0161\u0107i izvr\u0161ni dio u hidrauli\u010dkom pogonu.\" \/>\n<meta property=\"og:url\" content=\"https:\/\/hidel.hr\/nase-usluge\/popravak-i-izrada-novih-hidraulicnih-cilindara\/\" \/>\n<meta property=\"og:site_name\" content=\"Hidel hydraulics\" \/>\n<meta property=\"article:modified_time\" content=\"2022-12-14T12:18:43+00:00\" \/>\n<meta name=\"twitter:card\" content=\"summary_large_image\" \/>\n<meta name=\"twitter:label1\" content=\"Est. reading time\" \/>\n\t<meta name=\"twitter:data1\" content=\"2 minutes\" \/>\n<script type=\"application\/ld+json\" class=\"yoast-schema-graph\">{\"@context\":\"https:\/\/schema.org\",\"@graph\":[{\"@type\":\"WebPage\",\"@id\":\"https:\/\/hidel.hr\/nase-usluge\/popravak-i-izrada-novih-hidraulicnih-cilindara\/\",\"url\":\"https:\/\/hidel.hr\/nase-usluge\/popravak-i-izrada-novih-hidraulicnih-cilindara\/\",\"name\":\"[:hr]Popravak i izrada novih hidrauli\u010dnih cilindara[:en]Repair and manufacture of new hydraulic cylinders[:] - Hidel hydraulics\",\"isPartOf\":{\"@id\":\"https:\/\/hidel.hr\/#website\"},\"datePublished\":\"2016-06-22T00:33:14+00:00\",\"dateModified\":\"2022-12-14T12:18:43+00:00\",\"description\":\"Popravljamo i izra\u0111ujemo nove hidrauli\u010dne cilindre. Hidrauli\u010dki cilindar ili linearni hidrauli\u010dki motor je naj\u010de\u0161\u0107i izvr\u0161ni dio u hidrauli\u010dkom pogonu.\",\"breadcrumb\":{\"@id\":\"https:\/\/hidel.hr\/nase-usluge\/popravak-i-izrada-novih-hidraulicnih-cilindara\/#breadcrumb\"},\"inLanguage\":\"en-US\",\"potentialAction\":[{\"@type\":\"ReadAction\",\"target\":[\"https:\/\/hidel.hr\/nase-usluge\/popravak-i-izrada-novih-hidraulicnih-cilindara\/\"]}]},{\"@type\":\"BreadcrumbList\",\"@id\":\"https:\/\/hidel.hr\/nase-usluge\/popravak-i-izrada-novih-hidraulicnih-cilindara\/#breadcrumb\",\"itemListElement\":[{\"@type\":\"ListItem\",\"position\":1,\"name\":\"Po\u010detna stranica\",\"item\":\"https:\/\/hidel.hr\/\"},{\"@type\":\"ListItem\",\"position\":2,\"name\":\"Na\u0161e usluge\",\"item\":\"https:\/\/hidel.hr\/nase-usluge\/\"},{\"@type\":\"ListItem\",\"position\":3,\"name\":\"Popravak i izrada novih hidrauli\u010dnih cilindara\"}]},{\"@type\":\"WebSite\",\"@id\":\"https:\/\/hidel.hr\/#website\",\"url\":\"https:\/\/hidel.hr\/\",\"name\":\"Hidel hydraulics\",\"description\":\"Service and installation of hydraulic systems\",\"potentialAction\":[{\"@type\":\"SearchAction\",\"target\":{\"@type\":\"EntryPoint\",\"urlTemplate\":\"https:\/\/hidel.hr\/?s={search_term_string}\"},\"query-input\":{\"@type\":\"PropertyValueSpecification\",\"valueRequired\":true,\"valueName\":\"search_term_string\"}}],\"inLanguage\":\"en-US\"}]}<\/script>\n<!-- \/ Yoast SEO plugin. -->","yoast_head_json":{"title":"[:hr]Popravak i izrada novih hidrauli\u010dnih cilindara[:en]Repair and manufacture of new hydraulic cylinders[:] - Hidel hydraulics","description":"Popravljamo i izra\u0111ujemo nove hidrauli\u010dne cilindre. Hidrauli\u010dki cilindar ili linearni hidrauli\u010dki motor je naj\u010de\u0161\u0107i izvr\u0161ni dio u hidrauli\u010dkom pogonu.","robots":{"index":"index","follow":"follow","max-snippet":"max-snippet:-1","max-image-preview":"max-image-preview:large","max-video-preview":"max-video-preview:-1"},"canonical":"https:\/\/hidel.hr\/nase-usluge\/popravak-i-izrada-novih-hidraulicnih-cilindara\/","og_locale":"en_US","og_type":"article","og_title":"[:hr]Popravak i izrada novih hidrauli\u010dnih cilindara[:en]Repair and manufacture of new hydraulic cylinders[:] - Hidel hydraulics","og_description":"Popravljamo i izra\u0111ujemo nove hidrauli\u010dne cilindre. Hidrauli\u010dki cilindar ili linearni hidrauli\u010dki motor je naj\u010de\u0161\u0107i izvr\u0161ni dio u hidrauli\u010dkom pogonu.","og_url":"https:\/\/hidel.hr\/nase-usluge\/popravak-i-izrada-novih-hidraulicnih-cilindara\/","og_site_name":"Hidel hydraulics","article_modified_time":"2022-12-14T12:18:43+00:00","twitter_card":"summary_large_image","twitter_misc":{"Est. reading time":"2 minutes"},"schema":{"@context":"https:\/\/schema.org","@graph":[{"@type":"WebPage","@id":"https:\/\/hidel.hr\/nase-usluge\/popravak-i-izrada-novih-hidraulicnih-cilindara\/","url":"https:\/\/hidel.hr\/nase-usluge\/popravak-i-izrada-novih-hidraulicnih-cilindara\/","name":"[:hr]Popravak i izrada novih hidrauli\u010dnih cilindara[:en]Repair and manufacture of new hydraulic cylinders[:] - Hidel hydraulics","isPartOf":{"@id":"https:\/\/hidel.hr\/#website"},"datePublished":"2016-06-22T00:33:14+00:00","dateModified":"2022-12-14T12:18:43+00:00","description":"Popravljamo i izra\u0111ujemo nove hidrauli\u010dne cilindre. Hidrauli\u010dki cilindar ili linearni hidrauli\u010dki motor je naj\u010de\u0161\u0107i izvr\u0161ni dio u hidrauli\u010dkom pogonu.","breadcrumb":{"@id":"https:\/\/hidel.hr\/nase-usluge\/popravak-i-izrada-novih-hidraulicnih-cilindara\/#breadcrumb"},"inLanguage":"en-US","potentialAction":[{"@type":"ReadAction","target":["https:\/\/hidel.hr\/nase-usluge\/popravak-i-izrada-novih-hidraulicnih-cilindara\/"]}]},{"@type":"BreadcrumbList","@id":"https:\/\/hidel.hr\/nase-usluge\/popravak-i-izrada-novih-hidraulicnih-cilindara\/#breadcrumb","itemListElement":[{"@type":"ListItem","position":1,"name":"Po\u010detna stranica","item":"https:\/\/hidel.hr\/"},{"@type":"ListItem","position":2,"name":"Na\u0161e usluge","item":"https:\/\/hidel.hr\/nase-usluge\/"},{"@type":"ListItem","position":3,"name":"Popravak i izrada novih hidrauli\u010dnih cilindara"}]},{"@type":"WebSite","@id":"https:\/\/hidel.hr\/#website","url":"https:\/\/hidel.hr\/","name":"Hidel hydraulics","description":"Service and installation of hydraulic systems","potentialAction":[{"@type":"SearchAction","target":{"@type":"EntryPoint","urlTemplate":"https:\/\/hidel.hr\/?s={search_term_string}"},"query-input":{"@type":"PropertyValueSpecification","valueRequired":true,"valueName":"search_term_string"}}],"inLanguage":"en-US"}]}},"_links":{"self":[{"href":"https:\/\/hidel.hr\/en\/wp-json\/wp\/v2\/pages\/67","targetHints":{"allow":["GET"]}}],"collection":[{"href":"https:\/\/hidel.hr\/en\/wp-json\/wp\/v2\/pages"}],"about":[{"href":"https:\/\/hidel.hr\/en\/wp-json\/wp\/v2\/types\/page"}],"author":[{"embeddable":true,"href":"https:\/\/hidel.hr\/en\/wp-json\/wp\/v2\/users\/1"}],"replies":[{"embeddable":true,"href":"https:\/\/hidel.hr\/en\/wp-json\/wp\/v2\/comments?post=67"}],"version-history":[{"count":5,"href":"https:\/\/hidel.hr\/en\/wp-json\/wp\/v2\/pages\/67\/revisions"}],"predecessor-version":[{"id":1497,"href":"https:\/\/hidel.hr\/en\/wp-json\/wp\/v2\/pages\/67\/revisions\/1497"}],"up":[{"embeddable":true,"href":"https:\/\/hidel.hr\/en\/wp-json\/wp\/v2\/pages\/1389"}],"wp:attachment":[{"href":"https:\/\/hidel.hr\/en\/wp-json\/wp\/v2\/media?parent=67"}],"curies":[{"name":"wp","href":"https:\/\/api.w.org\/{rel}","templated":true}]}}