{"id":1426,"date":"2022-11-14T18:47:05","date_gmt":"2022-11-14T18:47:05","guid":{"rendered":"http:\/\/hidel.ignis-design.hr\/?page_id=1426"},"modified":"2022-12-14T12:21:05","modified_gmt":"2022-12-14T12:21:05","slug":"popravak-i-servis-hidraulicnog-agregata-hidraulicnih-pumpi-i-motora","status":"publish","type":"page","link":"https:\/\/hidel.hr\/en\/nase-usluge\/popravak-i-servis-hidraulicnog-agregata-hidraulicnih-pumpi-i-motora\/","title":{"rendered":"Repair and service of hydraulic units, hydraulic pumps and engines"},"content":{"rendered":"<div class=\"wpb-content-wrapper\"><p>[vc_row full_width=&#8221;stretch_row&#8221; gap=&#8221;15&#8243; type=&#8221;vc_default&#8221; margin_top=&#8221;5&#8243; margin_bottom=&#8221;15&#8243; css=&#8221;.vc_custom_1670930207901{padding-top: 50px !important;padding-bottom: 50px !important;background-color: #f1f3f5 !important;}&#8221;][vc_column width=&#8221;1\/6&#8243;][vc_column_text]<span style=\"color: #fbc02d;\"><i class=\"fa fa-cog fa-spin fa-5x fa-fw\"><\/i> <span class=\"sr-only\">Loading&#8230;<\/span><\/span>[\/vc_column_text][\/vc_column][vc_column width=&#8221;1\/2&#8243;]<div id=\"ultimate-heading-702069d7b3e939821\" class=\"uvc-heading ult-adjust-bottom-margin ultimate-heading-702069d7b3e939821 uvc-1062 accent-border-color\" data-hspacer=\"no_spacer\"  data-halign=\"left\" style=\"text-align:left\"><div class=\"uvc-heading-spacer no_spacer\" style=\"top\"><\/div><div class=\"uvc-main-heading ult-responsive\"  data-ultimate-target='.uvc-heading.ultimate-heading-702069d7b3e939821 h6'  data-responsive-json-new='{\"font-size\":\"desktop:30px;\",\"line-height\":\"desktop:44px;\"}' ><h6 style=\"--font-weight:theme;margin-bottom:30px;\">The hydraulic aggregate as a source of hydraulic energy is used in various branches of industry.<\/h6><\/div><\/div>[vc_column_text]The hydraulic aggregate as a source of hydraulic energy is used in various branches of industry, such as mechanical engineering, wood processing and food industry, shipbuilding, hydroelectric power plants and similar, in which we have many years of experience in repair, service and even in the construction of a new aggregate.[\/vc_column_text][\/vc_column][vc_column width=&#8221;1\/3&#8243;][vc_column_text]<span style=\"color: #000000;\">Due to the good cooperation with our suppliers around the world, we can obtain the necessary spare parts in the shortest possible time.<\/span>[\/vc_column_text][vc_column_text]In hydraulics, pumps have the task of converting external mechanical energy into the energy of the working hydraulic fluid, which serves to transfer energy to the engine or cylinder for lifting under load. To enable the safe operation of lifting loads, such pumps and motors must be in working order.[\/vc_column_text][\/vc_column][\/vc_row][vc_row full_width=&#8221;stretch_row&#8221; gap=&#8221;15&#8243; type=&#8221;vc_default&#8221; margin_top=&#8221;5&#8243; margin_bottom=&#8221;15&#8243; css=&#8221;.vc_custom_1670930374030{padding-top: 50px !important;padding-bottom: 50px !important;}&#8221;][vc_column width=&#8221;1\/6&#8243;][\/vc_column][vc_column width=&#8221;1\/2&#8243;]<div id=\"ultimate-heading-117169d7b3e939872\" class=\"uvc-heading ult-adjust-bottom-margin ultimate-heading-117169d7b3e939872 uvc-9767 accent-border-color uvc-heading-default-font-sizes\" data-hspacer=\"line_only\"  data-halign=\"left\" style=\"text-align:left\"><div class=\"uvc-main-heading ult-responsive\"  data-ultimate-target='.uvc-heading.ultimate-heading-117169d7b3e939872 h3'  data-responsive-json-new='{\"font-size\":\"\",\"line-height\":\"\"}' ><h3 style=\"font-weight:bold;\">We have experience on different pumps and motors:<\/h3><\/div><div class=\"uvc-heading-spacer line_only\" style=\"margin-top:15px;margin-bottom:40px;height:8px;\"><span class=\"uvc-headings-line\" style=\"border-style:solid;border-bottom-width:8px;border-color:;width:80px;\"><\/span><\/div><\/div><div class=\"standard-arrow bullet-top\"><ul>\n<li>Gear pumps<\/li>\n<li>Piston pumps<\/li>\n<li>Piston pumps with variable flow and pressure regulation<\/li>\n<\/ul>\n<\/div>[\/vc_column][vc_column width=&#8221;1\/3&#8243;]<div class=\"standard-arrow bullet-top\"><ul>\n<li>Radial piston pumps<\/li>\n<li>Screw pumps<\/li>\n<li>Axial piston pumps<\/li>\n<li>Gear motors<\/li>\n<li>Lamellar motors<\/li>\n<li>Piston engines<\/li>\n<\/ul>\n<\/div>[\/vc_column][\/vc_row][vc_row full_width=&#8221;stretch_row&#8221; gap=&#8221;15&#8243; type=&#8221;vc_default&#8221; margin_top=&#8221;5&#8243; margin_bottom=&#8221;15&#8243; css=&#8221;.vc_custom_1670941530888{padding-bottom: 50px !important;}&#8221;][vc_column width=&#8221;1\/6&#8243;][\/vc_column][vc_column width=&#8221;5\/6&#8243;][vc_single_image image=&#8221;1467&#8243; img_size=&#8221;full&#8221;][\/vc_column][\/vc_row]<\/p>\n<\/div>","protected":false},"excerpt":{"rendered":"<p>[vc_row full_width=&#8221;stretch_row&#8221; gap=&#8221;15&#8243; type=&#8221;vc_default&#8221; margin_top=&#8221;5&#8243; margin_bottom=&#8221;15&#8243; css=&#8221;.vc_custom_1670930207901{padding-top: 50px !important;padding-bottom: 50px !important;background-color: #f1f3f5 !important;}&#8221;][vc_column width=&#8221;1\/6&#8243;][vc_column_text] Loading&#8230;[\/vc_column_text][\/vc_column][vc_column width=&#8221;1\/2&#8243;][vc_column_text]The hydraulic aggregate as a source of hydraulic energy is used in various branches of industry, such as mechanical engineering, wood processing and food industry, shipbuilding, hydroelectric power plants and similar, in which we have many years of experience in&hellip;<\/p>\n","protected":false},"author":1,"featured_media":0,"parent":1389,"menu_order":0,"comment_status":"closed","ping_status":"closed","template":"","meta":{"footnotes":""},"class_list":["post-1426","page","type-page","status-publish","hentry","description-off"],"yoast_head":"<!-- This site is optimized with the Yoast SEO plugin v25.6 - https:\/\/yoast.com\/wordpress\/plugins\/seo\/ -->\n<title>Repair and service of hydraulic units, hydraulic pumps and engines - Hidel hydraulics<\/title>\n<meta name=\"description\" content=\"Nudimo usluge popravka i servisa hidrauli\u010dnog agregata, hidrauli\u010dnih pumpi i hidrauli\u010dnih motora. Kontaktirajte nas.\" \/>\n<meta name=\"robots\" content=\"index, follow, max-snippet:-1, max-image-preview:large, max-video-preview:-1\" \/>\n<link rel=\"canonical\" href=\"https:\/\/hidel.hr\/nase-usluge\/popravak-i-servis-hidraulicnog-agregata-hidraulicnih-pumpi-i-motora\/\" \/>\n<meta property=\"og:locale\" content=\"en_US\" \/>\n<meta property=\"og:type\" content=\"article\" \/>\n<meta property=\"og:title\" content=\"[:hr]Popravak i servis hidrauli\u010dnog agregata, hidrauli\u010dnih pumpi i motora[:en]Repair and service of hydraulic units, hydraulic pumps and engines[:] - Hidel hydraulics\" \/>\n<meta property=\"og:description\" content=\"Nudimo usluge popravka i servisa hidrauli\u010dnog agregata, hidrauli\u010dnih pumpi i hidrauli\u010dnih motora. Kontaktirajte nas.\" \/>\n<meta property=\"og:url\" content=\"https:\/\/hidel.hr\/nase-usluge\/popravak-i-servis-hidraulicnog-agregata-hidraulicnih-pumpi-i-motora\/\" \/>\n<meta property=\"og:site_name\" content=\"Hidel hydraulics\" \/>\n<meta property=\"article:modified_time\" content=\"2022-12-14T12:21:05+00:00\" \/>\n<meta name=\"twitter:card\" content=\"summary_large_image\" \/>\n<meta name=\"twitter:label1\" content=\"Est. reading time\" \/>\n\t<meta name=\"twitter:data1\" content=\"2 minutes\" \/>\n<script type=\"application\/ld+json\" class=\"yoast-schema-graph\">{\"@context\":\"https:\/\/schema.org\",\"@graph\":[{\"@type\":\"WebPage\",\"@id\":\"https:\/\/hidel.hr\/nase-usluge\/popravak-i-servis-hidraulicnog-agregata-hidraulicnih-pumpi-i-motora\/\",\"url\":\"https:\/\/hidel.hr\/nase-usluge\/popravak-i-servis-hidraulicnog-agregata-hidraulicnih-pumpi-i-motora\/\",\"name\":\"[:hr]Popravak i servis hidrauli\u010dnog agregata, hidrauli\u010dnih pumpi i motora[:en]Repair and service of hydraulic units, hydraulic pumps and engines[:] - Hidel hydraulics\",\"isPartOf\":{\"@id\":\"https:\/\/hidel.hr\/#website\"},\"datePublished\":\"2022-11-14T18:47:05+00:00\",\"dateModified\":\"2022-12-14T12:21:05+00:00\",\"description\":\"Nudimo usluge popravka i servisa hidrauli\u010dnog agregata, hidrauli\u010dnih pumpi i hidrauli\u010dnih motora. Kontaktirajte nas.\",\"breadcrumb\":{\"@id\":\"https:\/\/hidel.hr\/nase-usluge\/popravak-i-servis-hidraulicnog-agregata-hidraulicnih-pumpi-i-motora\/#breadcrumb\"},\"inLanguage\":\"en-US\",\"potentialAction\":[{\"@type\":\"ReadAction\",\"target\":[\"https:\/\/hidel.hr\/nase-usluge\/popravak-i-servis-hidraulicnog-agregata-hidraulicnih-pumpi-i-motora\/\"]}]},{\"@type\":\"BreadcrumbList\",\"@id\":\"https:\/\/hidel.hr\/nase-usluge\/popravak-i-servis-hidraulicnog-agregata-hidraulicnih-pumpi-i-motora\/#breadcrumb\",\"itemListElement\":[{\"@type\":\"ListItem\",\"position\":1,\"name\":\"Po\u010detna stranica\",\"item\":\"https:\/\/hidel.hr\/\"},{\"@type\":\"ListItem\",\"position\":2,\"name\":\"Na\u0161e usluge\",\"item\":\"https:\/\/hidel.hr\/nase-usluge\/\"},{\"@type\":\"ListItem\",\"position\":3,\"name\":\"Popravak i servis hidrauli\u010dnog agregata, hidrauli\u010dnih pumpi i motora\"}]},{\"@type\":\"WebSite\",\"@id\":\"https:\/\/hidel.hr\/#website\",\"url\":\"https:\/\/hidel.hr\/\",\"name\":\"Hidel hydraulics\",\"description\":\"Service and installation of hydraulic systems\",\"potentialAction\":[{\"@type\":\"SearchAction\",\"target\":{\"@type\":\"EntryPoint\",\"urlTemplate\":\"https:\/\/hidel.hr\/?s={search_term_string}\"},\"query-input\":{\"@type\":\"PropertyValueSpecification\",\"valueRequired\":true,\"valueName\":\"search_term_string\"}}],\"inLanguage\":\"en-US\"}]}<\/script>\n<!-- \/ Yoast SEO plugin. -->","yoast_head_json":{"title":"[:hr]Popravak i servis hidrauli\u010dnog agregata, hidrauli\u010dnih pumpi i motora[:en]Repair and service of hydraulic units, hydraulic pumps and engines[:] - Hidel hydraulics","description":"Nudimo usluge popravka i servisa hidrauli\u010dnog agregata, hidrauli\u010dnih pumpi i hidrauli\u010dnih motora. Kontaktirajte nas.","robots":{"index":"index","follow":"follow","max-snippet":"max-snippet:-1","max-image-preview":"max-image-preview:large","max-video-preview":"max-video-preview:-1"},"canonical":"https:\/\/hidel.hr\/nase-usluge\/popravak-i-servis-hidraulicnog-agregata-hidraulicnih-pumpi-i-motora\/","og_locale":"en_US","og_type":"article","og_title":"[:hr]Popravak i servis hidrauli\u010dnog agregata, hidrauli\u010dnih pumpi i motora[:en]Repair and service of hydraulic units, hydraulic pumps and engines[:] - Hidel hydraulics","og_description":"Nudimo usluge popravka i servisa hidrauli\u010dnog agregata, hidrauli\u010dnih pumpi i hidrauli\u010dnih motora. Kontaktirajte nas.","og_url":"https:\/\/hidel.hr\/nase-usluge\/popravak-i-servis-hidraulicnog-agregata-hidraulicnih-pumpi-i-motora\/","og_site_name":"Hidel hydraulics","article_modified_time":"2022-12-14T12:21:05+00:00","twitter_card":"summary_large_image","twitter_misc":{"Est. reading time":"2 minutes"},"schema":{"@context":"https:\/\/schema.org","@graph":[{"@type":"WebPage","@id":"https:\/\/hidel.hr\/nase-usluge\/popravak-i-servis-hidraulicnog-agregata-hidraulicnih-pumpi-i-motora\/","url":"https:\/\/hidel.hr\/nase-usluge\/popravak-i-servis-hidraulicnog-agregata-hidraulicnih-pumpi-i-motora\/","name":"[:hr]Popravak i servis hidrauli\u010dnog agregata, hidrauli\u010dnih pumpi i motora[:en]Repair and service of hydraulic units, hydraulic pumps and engines[:] - Hidel hydraulics","isPartOf":{"@id":"https:\/\/hidel.hr\/#website"},"datePublished":"2022-11-14T18:47:05+00:00","dateModified":"2022-12-14T12:21:05+00:00","description":"Nudimo usluge popravka i servisa hidrauli\u010dnog agregata, hidrauli\u010dnih pumpi i hidrauli\u010dnih motora. Kontaktirajte nas.","breadcrumb":{"@id":"https:\/\/hidel.hr\/nase-usluge\/popravak-i-servis-hidraulicnog-agregata-hidraulicnih-pumpi-i-motora\/#breadcrumb"},"inLanguage":"en-US","potentialAction":[{"@type":"ReadAction","target":["https:\/\/hidel.hr\/nase-usluge\/popravak-i-servis-hidraulicnog-agregata-hidraulicnih-pumpi-i-motora\/"]}]},{"@type":"BreadcrumbList","@id":"https:\/\/hidel.hr\/nase-usluge\/popravak-i-servis-hidraulicnog-agregata-hidraulicnih-pumpi-i-motora\/#breadcrumb","itemListElement":[{"@type":"ListItem","position":1,"name":"Po\u010detna stranica","item":"https:\/\/hidel.hr\/"},{"@type":"ListItem","position":2,"name":"Na\u0161e usluge","item":"https:\/\/hidel.hr\/nase-usluge\/"},{"@type":"ListItem","position":3,"name":"Popravak i servis hidrauli\u010dnog agregata, hidrauli\u010dnih pumpi i motora"}]},{"@type":"WebSite","@id":"https:\/\/hidel.hr\/#website","url":"https:\/\/hidel.hr\/","name":"Hidel hydraulics","description":"Service and installation of hydraulic systems","potentialAction":[{"@type":"SearchAction","target":{"@type":"EntryPoint","urlTemplate":"https:\/\/hidel.hr\/?s={search_term_string}"},"query-input":{"@type":"PropertyValueSpecification","valueRequired":true,"valueName":"search_term_string"}}],"inLanguage":"en-US"}]}},"_links":{"self":[{"href":"https:\/\/hidel.hr\/en\/wp-json\/wp\/v2\/pages\/1426","targetHints":{"allow":["GET"]}}],"collection":[{"href":"https:\/\/hidel.hr\/en\/wp-json\/wp\/v2\/pages"}],"about":[{"href":"https:\/\/hidel.hr\/en\/wp-json\/wp\/v2\/types\/page"}],"author":[{"embeddable":true,"href":"https:\/\/hidel.hr\/en\/wp-json\/wp\/v2\/users\/1"}],"replies":[{"embeddable":true,"href":"https:\/\/hidel.hr\/en\/wp-json\/wp\/v2\/comments?post=1426"}],"version-history":[{"count":5,"href":"https:\/\/hidel.hr\/en\/wp-json\/wp\/v2\/pages\/1426\/revisions"}],"predecessor-version":[{"id":1484,"href":"https:\/\/hidel.hr\/en\/wp-json\/wp\/v2\/pages\/1426\/revisions\/1484"}],"up":[{"embeddable":true,"href":"https:\/\/hidel.hr\/en\/wp-json\/wp\/v2\/pages\/1389"}],"wp:attachment":[{"href":"https:\/\/hidel.hr\/en\/wp-json\/wp\/v2\/media?parent=1426"}],"curies":[{"name":"wp","href":"https:\/\/api.w.org\/{rel}","templated":true}]}}