{"id":1418,"date":"2022-11-14T18:42:33","date_gmt":"2022-11-14T18:42:33","guid":{"rendered":"http:\/\/hidel.ignis-design.hr\/?page_id=1418"},"modified":"2022-12-14T12:24:47","modified_gmt":"2022-12-14T12:24:47","slug":"strojna-obrada","status":"publish","type":"page","link":"https:\/\/hidel.hr\/en\/nase-usluge\/strojna-obrada\/","title":{"rendered":"Machine processing"},"content":{"rendered":"<div class=\"wpb-content-wrapper\"><p>[vc_row full_width=&#8221;stretch_row&#8221; gap=&#8221;5&#8243; type=&#8221;vc_default&#8221; margin_top=&#8221;5&#8243; margin_bottom=&#8221;15&#8243; css=&#8221;.vc_custom_1668451479695{padding-top: 50px !important;padding-bottom: 50px !important;background-color: #f1f3f5 !important;}&#8221;][vc_column width=&#8221;1\/3&#8243;][vc_column_text]<span style=\"color: #fbc02d;\"><i class=\"fa fa-cog fa-spin fa-5x fa-fw\"><\/i> <span class=\"sr-only\">Loading&#8230;<\/span><\/span>[\/vc_column_text]<div id=\"ultimate-heading-666669d7c84503464\" class=\"uvc-heading ult-adjust-bottom-margin ultimate-heading-666669d7c84503464 uvc-6501 accent-border-color\" data-hspacer=\"no_spacer\"  data-halign=\"left\" style=\"text-align:left\"><div class=\"uvc-heading-spacer no_spacer\" style=\"top\"><\/div><div class=\"uvc-main-heading ult-responsive\"  data-ultimate-target='.uvc-heading.ultimate-heading-666669d7c84503464 h6'  data-responsive-json-new='{\"font-size\":\"desktop:30px;\",\"line-height\":\"desktop:44px;\"}' ><h6 style=\"--font-weight:theme;margin-bottom:30px;\">We have our own machining facilities with lathes and milling machines.<\/h6><\/div><\/div>[\/vc_column][vc_column width=&#8221;2\/3&#8243;][vc_single_image image=&#8221;1462&#8243; img_size=&#8221;full&#8221;][vc_column_text]Also, in stock\u00a0we have many raw materials to produce cylinder tubes, piston rods, guides, etc. in the shortest possible time, we can produce all parts of hydraulic systems.<\/p>\n<p>&nbsp;<\/p>\n<p>Also, thanks to our own machining, we can partially disassemble the equipment and repair it in our workshop with minimal destruction.[\/vc_column_text][\/vc_column][\/vc_row]<\/p>\n<\/div>","protected":false},"excerpt":{"rendered":"<p>[vc_row full_width=&#8221;stretch_row&#8221; gap=&#8221;5&#8243; type=&#8221;vc_default&#8221; margin_top=&#8221;5&#8243; margin_bottom=&#8221;15&#8243; css=&#8221;.vc_custom_1668451479695{padding-top: 50px !important;padding-bottom: 50px !important;background-color: #f1f3f5 !important;}&#8221;][vc_column width=&#8221;1\/3&#8243;][vc_column_text] Loading&#8230;[\/vc_column_text][\/vc_column][vc_column width=&#8221;2\/3&#8243;][vc_single_image image=&#8221;1462&#8243; img_size=&#8221;full&#8221;][vc_column_text]Also, in stock\u00a0we have many raw materials to produce cylinder tubes, piston rods, guides, etc. in the shortest possible time, we can produce all parts of hydraulic systems. &nbsp; Also, thanks to our own machining, we can partially&hellip;<\/p>\n","protected":false},"author":1,"featured_media":0,"parent":1389,"menu_order":0,"comment_status":"closed","ping_status":"closed","template":"","meta":{"footnotes":""},"class_list":["post-1418","page","type-page","status-publish","hentry","description-off"],"yoast_head":"<!-- This site is optimized with the Yoast SEO plugin v25.6 - https:\/\/yoast.com\/wordpress\/plugins\/seo\/ -->\n<title>Machine processing - Hidel hydraulics<\/title>\n<meta name=\"description\" content=\"Zahvaljuju\u0107i vlastitoj strojnoj obradi u mogu\u0107nosti smo uz minimalni destrukcije djelomi\u010dno rastaviti opremu te istu reparirati u na\u0161oj radioni.\" \/>\n<meta name=\"robots\" content=\"index, follow, max-snippet:-1, max-image-preview:large, max-video-preview:-1\" \/>\n<link rel=\"canonical\" href=\"https:\/\/hidel.hr\/nase-usluge\/strojna-obrada\/\" \/>\n<meta property=\"og:locale\" content=\"en_US\" \/>\n<meta property=\"og:type\" content=\"article\" \/>\n<meta property=\"og:title\" content=\"[:hr]Strojna obrada[:en]Machine processing[:] - Hidel hydraulics\" \/>\n<meta property=\"og:description\" content=\"Zahvaljuju\u0107i vlastitoj strojnoj obradi u mogu\u0107nosti smo uz minimalni destrukcije djelomi\u010dno rastaviti opremu te istu reparirati u na\u0161oj radioni.\" \/>\n<meta property=\"og:url\" content=\"https:\/\/hidel.hr\/nase-usluge\/strojna-obrada\/\" \/>\n<meta property=\"og:site_name\" content=\"Hidel hydraulics\" \/>\n<meta property=\"article:modified_time\" content=\"2022-12-14T12:24:47+00:00\" \/>\n<meta name=\"twitter:card\" content=\"summary_large_image\" \/>\n<meta name=\"twitter:label1\" content=\"Est. reading time\" \/>\n\t<meta name=\"twitter:data1\" content=\"1 minute\" \/>\n<script type=\"application\/ld+json\" class=\"yoast-schema-graph\">{\"@context\":\"https:\/\/schema.org\",\"@graph\":[{\"@type\":\"WebPage\",\"@id\":\"https:\/\/hidel.hr\/nase-usluge\/strojna-obrada\/\",\"url\":\"https:\/\/hidel.hr\/nase-usluge\/strojna-obrada\/\",\"name\":\"[:hr]Strojna obrada[:en]Machine processing[:] - Hidel hydraulics\",\"isPartOf\":{\"@id\":\"https:\/\/hidel.hr\/#website\"},\"datePublished\":\"2022-11-14T18:42:33+00:00\",\"dateModified\":\"2022-12-14T12:24:47+00:00\",\"description\":\"Zahvaljuju\u0107i vlastitoj strojnoj obradi u mogu\u0107nosti smo uz minimalni destrukcije djelomi\u010dno rastaviti opremu te istu reparirati u na\u0161oj radioni.\",\"breadcrumb\":{\"@id\":\"https:\/\/hidel.hr\/nase-usluge\/strojna-obrada\/#breadcrumb\"},\"inLanguage\":\"en-US\",\"potentialAction\":[{\"@type\":\"ReadAction\",\"target\":[\"https:\/\/hidel.hr\/nase-usluge\/strojna-obrada\/\"]}]},{\"@type\":\"BreadcrumbList\",\"@id\":\"https:\/\/hidel.hr\/nase-usluge\/strojna-obrada\/#breadcrumb\",\"itemListElement\":[{\"@type\":\"ListItem\",\"position\":1,\"name\":\"Po\u010detna stranica\",\"item\":\"https:\/\/hidel.hr\/\"},{\"@type\":\"ListItem\",\"position\":2,\"name\":\"Na\u0161e usluge\",\"item\":\"https:\/\/hidel.hr\/nase-usluge\/\"},{\"@type\":\"ListItem\",\"position\":3,\"name\":\"Strojna obrada\"}]},{\"@type\":\"WebSite\",\"@id\":\"https:\/\/hidel.hr\/#website\",\"url\":\"https:\/\/hidel.hr\/\",\"name\":\"Hidel hydraulics\",\"description\":\"Service and installation of hydraulic systems\",\"potentialAction\":[{\"@type\":\"SearchAction\",\"target\":{\"@type\":\"EntryPoint\",\"urlTemplate\":\"https:\/\/hidel.hr\/?s={search_term_string}\"},\"query-input\":{\"@type\":\"PropertyValueSpecification\",\"valueRequired\":true,\"valueName\":\"search_term_string\"}}],\"inLanguage\":\"en-US\"}]}<\/script>\n<!-- \/ Yoast SEO plugin. -->","yoast_head_json":{"title":"[:hr]Strojna obrada[:en]Machine processing[:] - Hidel hydraulics","description":"Zahvaljuju\u0107i vlastitoj strojnoj obradi u mogu\u0107nosti smo uz minimalni destrukcije djelomi\u010dno rastaviti opremu te istu reparirati u na\u0161oj radioni.","robots":{"index":"index","follow":"follow","max-snippet":"max-snippet:-1","max-image-preview":"max-image-preview:large","max-video-preview":"max-video-preview:-1"},"canonical":"https:\/\/hidel.hr\/nase-usluge\/strojna-obrada\/","og_locale":"en_US","og_type":"article","og_title":"[:hr]Strojna obrada[:en]Machine processing[:] - Hidel hydraulics","og_description":"Zahvaljuju\u0107i vlastitoj strojnoj obradi u mogu\u0107nosti smo uz minimalni destrukcije djelomi\u010dno rastaviti opremu te istu reparirati u na\u0161oj radioni.","og_url":"https:\/\/hidel.hr\/nase-usluge\/strojna-obrada\/","og_site_name":"Hidel hydraulics","article_modified_time":"2022-12-14T12:24:47+00:00","twitter_card":"summary_large_image","twitter_misc":{"Est. reading time":"1 minute"},"schema":{"@context":"https:\/\/schema.org","@graph":[{"@type":"WebPage","@id":"https:\/\/hidel.hr\/nase-usluge\/strojna-obrada\/","url":"https:\/\/hidel.hr\/nase-usluge\/strojna-obrada\/","name":"[:hr]Strojna obrada[:en]Machine processing[:] - Hidel hydraulics","isPartOf":{"@id":"https:\/\/hidel.hr\/#website"},"datePublished":"2022-11-14T18:42:33+00:00","dateModified":"2022-12-14T12:24:47+00:00","description":"Zahvaljuju\u0107i vlastitoj strojnoj obradi u mogu\u0107nosti smo uz minimalni destrukcije djelomi\u010dno rastaviti opremu te istu reparirati u na\u0161oj radioni.","breadcrumb":{"@id":"https:\/\/hidel.hr\/nase-usluge\/strojna-obrada\/#breadcrumb"},"inLanguage":"en-US","potentialAction":[{"@type":"ReadAction","target":["https:\/\/hidel.hr\/nase-usluge\/strojna-obrada\/"]}]},{"@type":"BreadcrumbList","@id":"https:\/\/hidel.hr\/nase-usluge\/strojna-obrada\/#breadcrumb","itemListElement":[{"@type":"ListItem","position":1,"name":"Po\u010detna stranica","item":"https:\/\/hidel.hr\/"},{"@type":"ListItem","position":2,"name":"Na\u0161e usluge","item":"https:\/\/hidel.hr\/nase-usluge\/"},{"@type":"ListItem","position":3,"name":"Strojna obrada"}]},{"@type":"WebSite","@id":"https:\/\/hidel.hr\/#website","url":"https:\/\/hidel.hr\/","name":"Hidel hydraulics","description":"Service and installation of hydraulic systems","potentialAction":[{"@type":"SearchAction","target":{"@type":"EntryPoint","urlTemplate":"https:\/\/hidel.hr\/?s={search_term_string}"},"query-input":{"@type":"PropertyValueSpecification","valueRequired":true,"valueName":"search_term_string"}}],"inLanguage":"en-US"}]}},"_links":{"self":[{"href":"https:\/\/hidel.hr\/en\/wp-json\/wp\/v2\/pages\/1418","targetHints":{"allow":["GET"]}}],"collection":[{"href":"https:\/\/hidel.hr\/en\/wp-json\/wp\/v2\/pages"}],"about":[{"href":"https:\/\/hidel.hr\/en\/wp-json\/wp\/v2\/types\/page"}],"author":[{"embeddable":true,"href":"https:\/\/hidel.hr\/en\/wp-json\/wp\/v2\/users\/1"}],"replies":[{"embeddable":true,"href":"https:\/\/hidel.hr\/en\/wp-json\/wp\/v2\/comments?post=1418"}],"version-history":[{"count":5,"href":"https:\/\/hidel.hr\/en\/wp-json\/wp\/v2\/pages\/1418\/revisions"}],"predecessor-version":[{"id":1488,"href":"https:\/\/hidel.hr\/en\/wp-json\/wp\/v2\/pages\/1418\/revisions\/1488"}],"up":[{"embeddable":true,"href":"https:\/\/hidel.hr\/en\/wp-json\/wp\/v2\/pages\/1389"}],"wp:attachment":[{"href":"https:\/\/hidel.hr\/en\/wp-json\/wp\/v2\/media?parent=1418"}],"curies":[{"name":"wp","href":"https:\/\/api.w.org\/{rel}","templated":true}]}}