{"id":1410,"date":"2022-11-14T18:33:12","date_gmt":"2022-11-14T18:33:12","guid":{"rendered":"http:\/\/hidel.ignis-design.hr\/?page_id=1410"},"modified":"2022-12-14T12:17:16","modified_gmt":"2022-12-14T12:17:16","slug":"izrada-i-izmjena-visokotlacnih-gumenih-cijevi-sa-svih-pripadajucim-prikljuccima","status":"publish","type":"page","link":"https:\/\/hidel.hr\/en\/nase-usluge\/izrada-i-izmjena-visokotlacnih-gumenih-cijevi-sa-svih-pripadajucim-prikljuccima\/","title":{"rendered":"Manufacturing and changing high-pressure rubber pipes with all associated connections"},"content":{"rendered":"<div class=\"wpb-content-wrapper\"><p>[vc_row full_width=&#8221;stretch_row&#8221; gap=&#8221;30&#8243; type=&#8221;vc_default&#8221; margin_top=&#8221;5&#8243; margin_bottom=&#8221;15&#8243; css=&#8221;.vc_custom_1668450919991{padding-top: 40px !important;padding-bottom: 40px !important;}&#8221;][vc_column width=&#8221;2\/3&#8243;]<div id=\"ultimate-heading-241969d7d858a1099\" class=\"uvc-heading ult-adjust-bottom-margin ultimate-heading-241969d7d858a1099 uvc-3894 accent-border-color\" data-hspacer=\"no_spacer\"  data-halign=\"left\" style=\"text-align:left\"><div class=\"uvc-heading-spacer no_spacer\" style=\"top\"><\/div><div class=\"uvc-main-heading ult-responsive\"  data-ultimate-target='.uvc-heading.ultimate-heading-241969d7d858a1099 h6'  data-responsive-json-new='{\"font-size\":\"desktop:30px;\",\"line-height\":\"desktop:44px;\"}' ><h6 style=\"--font-weight:theme;\">Rubber\/flexible pipes are irreplaceable in hydraulics because they withstand large hydraulic shocks, high pressure with larger diameters, and are resistant to external conditions. <\/h6><\/div><\/div>[\/vc_column][vc_column width=&#8221;1\/3&#8243;][vc_column_text]They are also good for use in high pressure washers, where hot water under pressure is often used, and in cooling devices for heat pumps and air conditioning in motor vehicles, where normally due to elevated temperatures and stiffness thermoplastic pipes are practically not used.[\/vc_column_text][\/vc_column][\/vc_row][vc_row full_width=&#8221;stretch_row&#8221; gap=&#8221;30&#8243; type=&#8221;vc_default&#8221; margin_top=&#8221;5&#8243; margin_bottom=&#8221;15&#8243; css=&#8221;.vc_custom_1668450578160{padding-top: 50px !important;padding-bottom: 50px !important;background-color: #f1f3f5 !important;}&#8221;][vc_column offset=&#8221;vc_col-lg-6 vc_col-md-6 vc_col-xs-12&#8243;]<div id=\"ultimate-heading-418269d7d858a10de\" class=\"uvc-heading ult-adjust-bottom-margin ultimate-heading-418269d7d858a10de uvc-2882 accent-border-color uvc-heading-default-font-sizes\" data-hspacer=\"line_only\"  data-halign=\"left\" style=\"text-align:left\"><div class=\"uvc-main-heading ult-responsive\"  data-ultimate-target='.uvc-heading.ultimate-heading-418269d7d858a10de h3'  data-responsive-json-new='{\"font-size\":\"\",\"line-height\":\"\"}' ><h3 style=\"font-weight:bold;\">High pressure rubber pipes<\/h3><\/div><div class=\"uvc-heading-spacer line_only\" style=\"margin-top:15px;margin-bottom:40px;height:8px;\"><span class=\"uvc-headings-line\" style=\"border-style:solid;border-bottom-width:8px;border-color:;width:80px;\"><\/span><\/div><\/div><div class=\"standard-arrow bullet-top\"><ul>\n<li>1SN &#8211; rubber pipes reinforced with a layer of steel mesh<\/li>\n<li>2SN &#8211; rubber tubes reinforced with 2 layers of steel mesh<\/li>\n<li>4SP &#8211; rubber tubes reinforced with 4 layers of spirally placed steel nets for very high static pressures<\/li>\n<\/ul>\n<\/div>[\/vc_column][vc_column offset=&#8221;vc_col-lg-6 vc_col-md-6 vc_col-xs-12&#8243;]<div class=\"standard-arrow bullet-top\"><ul>\n<li>4SH &#8211; rubber tubes reinforced with 4 layers of spirally placed steel nets for very high dynamic pressures<\/li>\n<li>R15 &#8211; rubber tubes reinforced with 4 (or 6) layers of spirally placed steel nets for very high dynamic pressures (420 bar) of hydraulic oil<\/li>\n<li>Thermoplastic pipes<\/li>\n<\/ul>\n<\/div>[\/vc_column][\/vc_row][vc_row full_width=&#8221;stretch_row&#8221; gap=&#8221;30&#8243; css=&#8221;.vc_custom_1668450629218{padding-top: 40px !important;padding-bottom: 40px !important;}&#8221;][vc_column width=&#8221;1\/2&#8243;]<style type=\"text\/css\" data-type=\"the7_shortcodes-inline-css\">.shortcode-single-image-wrap.shortcode-single-image-3e1a7c50d775605242104a7f85751831.enable-bg-rollover .rollover i,\n.shortcode-single-image-wrap.shortcode-single-image-3e1a7c50d775605242104a7f85751831.enable-bg-rollover .rollover-video i {\n  background: -webkit-linear-gradient();\n  background: linear-gradient();\n}\n.shortcode-single-image-wrap.shortcode-single-image-3e1a7c50d775605242104a7f85751831 .rollover-icon {\n  font-size: 32px;\n  color: #ffffff;\n  min-width: 44px;\n  min-height: 44px;\n  line-height: 44px;\n  border-radius: 100px;\n  border-style: solid;\n  border-width: 0px;\n}\n.dt-icon-bg-on.shortcode-single-image-wrap.shortcode-single-image-3e1a7c50d775605242104a7f85751831 .rollover-icon {\n  background: rgba(255,255,255,0.3);\n  box-shadow: none;\n}\n<\/style><div class=\"shortcode-single-image-wrap shortcode-single-image-3e1a7c50d775605242104a7f85751831 alignnone  vc_custom_1670941148837 enable-bg-rollover dt-icon-bg-off\" ><div class=\"shortcode-single-image\"><div class=\"fancy-media-wrap  layzr-bg\" style=\"\"><img fetchpriority=\"high\" decoding=\"async\" class=\"preload-me lazy-load aspect\" src=\"data:image\/svg+xml,%3Csvg%20xmlns%3D&#39;http%3A%2F%2Fwww.w3.org%2F2000%2Fsvg&#39;%20viewBox%3D&#39;0%200%20640%20480&#39;%2F%3E\" data-src=\"https:\/\/hidel.hr\/wp-content\/uploads\/2022\/12\/Izrada-visokotlacnih-gumenih-cijevi.jpg\" data-srcset=\"https:\/\/hidel.hr\/wp-content\/uploads\/2022\/12\/Izrada-visokotlacnih-gumenih-cijevi.jpg 640w\" loading=\"eager\" sizes=\"(max-width: 640px) 100vw, 640px\" width=\"640\" height=\"480\"  data-dt-location=\"https:\/\/hidel.hr\/en\/nase-usluge\/izrada-i-izmjena-visokotlacnih-gumenih-cijevi-sa-svih-pripadajucim-prikljuccima\/izrada-visokotlacnih-gumenih-cijevi\/\" style=\"--ratio: 640 \/ 480;\" alt=\"\" \/><\/div><\/div><\/div>[\/vc_column][vc_column width=&#8221;1\/2&#8243;]<div id=\"ultimate-heading-865369d7d858a18a4\" class=\"uvc-heading ult-adjust-bottom-margin ultimate-heading-865369d7d858a18a4 uvc-7956 accent-border-color\" data-hspacer=\"line_only\"  data-halign=\"left\" style=\"text-align:left\"><div class=\"uvc-main-heading ult-responsive\"  data-ultimate-target='.uvc-heading.ultimate-heading-865369d7d858a18a4 h1'  data-responsive-json-new='{\"font-size\":\"desktop:26px;\",\"line-height\":\"desktop:36px;\"}' ><h1 style=\"font-weight:bold;\">We offer...<\/h1><\/div><div class=\"uvc-heading-spacer line_only\" style=\"margin-top:15px;margin-bottom:40px;height:8px;\"><span class=\"uvc-headings-line\" style=\"border-style:solid;border-bottom-width:8px;border-color:;width:80px;\"><\/span><\/div><\/div>[vc_column_text]We offer disassembly, assembly and production of new high-pressure rubber pipes and rigid hydraulic pipes. We produce rigid pipes in stainless steel version based on the request of the customer with the installation of all existing high-pressure connections.<\/p>\n<p>&nbsp;<\/p>\n<p><span style=\"color: #000000;\">We produce high-pressure rubber pipes based on the supplied specification or by sample. We have many high-pressure connections and flexible pipes in stock, and we make pipes in the shortest possible time using our own pressing machine.<\/span>[\/vc_column_text][\/vc_column][\/vc_row]<\/p>\n<\/div>","protected":false},"excerpt":{"rendered":"<p>[vc_row full_width=&#8221;stretch_row&#8221; gap=&#8221;30&#8243; type=&#8221;vc_default&#8221; margin_top=&#8221;5&#8243; margin_bottom=&#8221;15&#8243; css=&#8221;.vc_custom_1668450919991{padding-top: 40px !important;padding-bottom: 40px !important;}&#8221;][vc_column width=&#8221;2\/3&#8243;][\/vc_column][vc_column width=&#8221;1\/3&#8243;][vc_column_text]They are also good for use in high pressure washers, where hot water under pressure is often used, and in cooling devices for heat pumps and air conditioning in motor vehicles, where normally due to elevated temperatures and stiffness thermoplastic pipes are practically&hellip;<\/p>\n","protected":false},"author":1,"featured_media":0,"parent":1389,"menu_order":0,"comment_status":"closed","ping_status":"closed","template":"","meta":{"footnotes":""},"class_list":["post-1410","page","type-page","status-publish","hentry","description-off"],"yoast_head":"<!-- This site is optimized with the Yoast SEO plugin v25.6 - https:\/\/yoast.com\/wordpress\/plugins\/seo\/ -->\n<title>Manufacturing and changing high-pressure rubber pipes with all associated connections - Hidel hydraulics<\/title>\n<meta name=\"description\" content=\"Izrada i izmjena visokotla\u010dnih gumenih cijevi sa svih pripadaju\u010dim priklju\u010dcima. Iste su nezamjenjive u hidraulici jer podnose velike hidrauli\u010dke udare, visok tlak kod ve\u0107ih promjera, otporne su na vanjske uvjete.\" \/>\n<meta name=\"robots\" content=\"index, follow, max-snippet:-1, max-image-preview:large, max-video-preview:-1\" \/>\n<link rel=\"canonical\" href=\"https:\/\/hidel.hr\/nase-usluge\/izrada-i-izmjena-visokotlacnih-gumenih-cijevi-sa-svih-pripadajucim-prikljuccima\/\" \/>\n<meta property=\"og:locale\" content=\"en_US\" \/>\n<meta property=\"og:type\" content=\"article\" \/>\n<meta property=\"og:title\" content=\"[:hr]Izrada i izmjena visokotla\u010dnih gumenih cijevi sa svih pripadaju\u010dim priklju\u010dcima[:en]Manufacturing and changing high-pressure rubber pipes with all associated connections[:] - Hidel hydraulics\" \/>\n<meta property=\"og:description\" content=\"Izrada i izmjena visokotla\u010dnih gumenih cijevi sa svih pripadaju\u010dim priklju\u010dcima. Iste su nezamjenjive u hidraulici jer podnose velike hidrauli\u010dke udare, visok tlak kod ve\u0107ih promjera, otporne su na vanjske uvjete.\" \/>\n<meta property=\"og:url\" content=\"https:\/\/hidel.hr\/nase-usluge\/izrada-i-izmjena-visokotlacnih-gumenih-cijevi-sa-svih-pripadajucim-prikljuccima\/\" \/>\n<meta property=\"og:site_name\" content=\"Hidel hydraulics\" \/>\n<meta property=\"article:modified_time\" content=\"2022-12-14T12:17:16+00:00\" \/>\n<meta name=\"twitter:card\" content=\"summary_large_image\" \/>\n<meta name=\"twitter:label1\" content=\"Est. reading time\" \/>\n\t<meta name=\"twitter:data1\" content=\"2 minutes\" \/>\n<script type=\"application\/ld+json\" class=\"yoast-schema-graph\">{\"@context\":\"https:\/\/schema.org\",\"@graph\":[{\"@type\":\"WebPage\",\"@id\":\"https:\/\/hidel.hr\/nase-usluge\/izrada-i-izmjena-visokotlacnih-gumenih-cijevi-sa-svih-pripadajucim-prikljuccima\/\",\"url\":\"https:\/\/hidel.hr\/nase-usluge\/izrada-i-izmjena-visokotlacnih-gumenih-cijevi-sa-svih-pripadajucim-prikljuccima\/\",\"name\":\"[:hr]Izrada i izmjena visokotla\u010dnih gumenih cijevi sa svih pripadaju\u010dim priklju\u010dcima[:en]Manufacturing and changing high-pressure rubber pipes with all associated connections[:] - Hidel hydraulics\",\"isPartOf\":{\"@id\":\"https:\/\/hidel.hr\/#website\"},\"datePublished\":\"2022-11-14T18:33:12+00:00\",\"dateModified\":\"2022-12-14T12:17:16+00:00\",\"description\":\"Izrada i izmjena visokotla\u010dnih gumenih cijevi sa svih pripadaju\u010dim priklju\u010dcima. Iste su nezamjenjive u hidraulici jer podnose velike hidrauli\u010dke udare, visok tlak kod ve\u0107ih promjera, otporne su na vanjske uvjete.\",\"breadcrumb\":{\"@id\":\"https:\/\/hidel.hr\/nase-usluge\/izrada-i-izmjena-visokotlacnih-gumenih-cijevi-sa-svih-pripadajucim-prikljuccima\/#breadcrumb\"},\"inLanguage\":\"en-US\",\"potentialAction\":[{\"@type\":\"ReadAction\",\"target\":[\"https:\/\/hidel.hr\/nase-usluge\/izrada-i-izmjena-visokotlacnih-gumenih-cijevi-sa-svih-pripadajucim-prikljuccima\/\"]}]},{\"@type\":\"BreadcrumbList\",\"@id\":\"https:\/\/hidel.hr\/nase-usluge\/izrada-i-izmjena-visokotlacnih-gumenih-cijevi-sa-svih-pripadajucim-prikljuccima\/#breadcrumb\",\"itemListElement\":[{\"@type\":\"ListItem\",\"position\":1,\"name\":\"Po\u010detna stranica\",\"item\":\"https:\/\/hidel.hr\/\"},{\"@type\":\"ListItem\",\"position\":2,\"name\":\"Na\u0161e usluge\",\"item\":\"https:\/\/hidel.hr\/nase-usluge\/\"},{\"@type\":\"ListItem\",\"position\":3,\"name\":\"Izrada i izmjena visokotla\u010dnih gumenih cijevi sa svih pripadaju\u010dim priklju\u010dcima\"}]},{\"@type\":\"WebSite\",\"@id\":\"https:\/\/hidel.hr\/#website\",\"url\":\"https:\/\/hidel.hr\/\",\"name\":\"Hidel hydraulics\",\"description\":\"Service and installation of hydraulic systems\",\"potentialAction\":[{\"@type\":\"SearchAction\",\"target\":{\"@type\":\"EntryPoint\",\"urlTemplate\":\"https:\/\/hidel.hr\/?s={search_term_string}\"},\"query-input\":{\"@type\":\"PropertyValueSpecification\",\"valueRequired\":true,\"valueName\":\"search_term_string\"}}],\"inLanguage\":\"en-US\"}]}<\/script>\n<!-- \/ Yoast SEO plugin. -->","yoast_head_json":{"title":"[:hr]Izrada i izmjena visokotla\u010dnih gumenih cijevi sa svih pripadaju\u010dim priklju\u010dcima[:en]Manufacturing and changing high-pressure rubber pipes with all associated connections[:] - Hidel hydraulics","description":"Izrada i izmjena visokotla\u010dnih gumenih cijevi sa svih pripadaju\u010dim priklju\u010dcima. Iste su nezamjenjive u hidraulici jer podnose velike hidrauli\u010dke udare, visok tlak kod ve\u0107ih promjera, otporne su na vanjske uvjete.","robots":{"index":"index","follow":"follow","max-snippet":"max-snippet:-1","max-image-preview":"max-image-preview:large","max-video-preview":"max-video-preview:-1"},"canonical":"https:\/\/hidel.hr\/nase-usluge\/izrada-i-izmjena-visokotlacnih-gumenih-cijevi-sa-svih-pripadajucim-prikljuccima\/","og_locale":"en_US","og_type":"article","og_title":"[:hr]Izrada i izmjena visokotla\u010dnih gumenih cijevi sa svih pripadaju\u010dim priklju\u010dcima[:en]Manufacturing and changing high-pressure rubber pipes with all associated connections[:] - Hidel hydraulics","og_description":"Izrada i izmjena visokotla\u010dnih gumenih cijevi sa svih pripadaju\u010dim priklju\u010dcima. Iste su nezamjenjive u hidraulici jer podnose velike hidrauli\u010dke udare, visok tlak kod ve\u0107ih promjera, otporne su na vanjske uvjete.","og_url":"https:\/\/hidel.hr\/nase-usluge\/izrada-i-izmjena-visokotlacnih-gumenih-cijevi-sa-svih-pripadajucim-prikljuccima\/","og_site_name":"Hidel hydraulics","article_modified_time":"2022-12-14T12:17:16+00:00","twitter_card":"summary_large_image","twitter_misc":{"Est. reading time":"2 minutes"},"schema":{"@context":"https:\/\/schema.org","@graph":[{"@type":"WebPage","@id":"https:\/\/hidel.hr\/nase-usluge\/izrada-i-izmjena-visokotlacnih-gumenih-cijevi-sa-svih-pripadajucim-prikljuccima\/","url":"https:\/\/hidel.hr\/nase-usluge\/izrada-i-izmjena-visokotlacnih-gumenih-cijevi-sa-svih-pripadajucim-prikljuccima\/","name":"[:hr]Izrada i izmjena visokotla\u010dnih gumenih cijevi sa svih pripadaju\u010dim priklju\u010dcima[:en]Manufacturing and changing high-pressure rubber pipes with all associated connections[:] - Hidel hydraulics","isPartOf":{"@id":"https:\/\/hidel.hr\/#website"},"datePublished":"2022-11-14T18:33:12+00:00","dateModified":"2022-12-14T12:17:16+00:00","description":"Izrada i izmjena visokotla\u010dnih gumenih cijevi sa svih pripadaju\u010dim priklju\u010dcima. Iste su nezamjenjive u hidraulici jer podnose velike hidrauli\u010dke udare, visok tlak kod ve\u0107ih promjera, otporne su na vanjske uvjete.","breadcrumb":{"@id":"https:\/\/hidel.hr\/nase-usluge\/izrada-i-izmjena-visokotlacnih-gumenih-cijevi-sa-svih-pripadajucim-prikljuccima\/#breadcrumb"},"inLanguage":"en-US","potentialAction":[{"@type":"ReadAction","target":["https:\/\/hidel.hr\/nase-usluge\/izrada-i-izmjena-visokotlacnih-gumenih-cijevi-sa-svih-pripadajucim-prikljuccima\/"]}]},{"@type":"BreadcrumbList","@id":"https:\/\/hidel.hr\/nase-usluge\/izrada-i-izmjena-visokotlacnih-gumenih-cijevi-sa-svih-pripadajucim-prikljuccima\/#breadcrumb","itemListElement":[{"@type":"ListItem","position":1,"name":"Po\u010detna stranica","item":"https:\/\/hidel.hr\/"},{"@type":"ListItem","position":2,"name":"Na\u0161e usluge","item":"https:\/\/hidel.hr\/nase-usluge\/"},{"@type":"ListItem","position":3,"name":"Izrada i izmjena visokotla\u010dnih gumenih cijevi sa svih pripadaju\u010dim priklju\u010dcima"}]},{"@type":"WebSite","@id":"https:\/\/hidel.hr\/#website","url":"https:\/\/hidel.hr\/","name":"Hidel hydraulics","description":"Service and installation of hydraulic systems","potentialAction":[{"@type":"SearchAction","target":{"@type":"EntryPoint","urlTemplate":"https:\/\/hidel.hr\/?s={search_term_string}"},"query-input":{"@type":"PropertyValueSpecification","valueRequired":true,"valueName":"search_term_string"}}],"inLanguage":"en-US"}]}},"_links":{"self":[{"href":"https:\/\/hidel.hr\/en\/wp-json\/wp\/v2\/pages\/1410","targetHints":{"allow":["GET"]}}],"collection":[{"href":"https:\/\/hidel.hr\/en\/wp-json\/wp\/v2\/pages"}],"about":[{"href":"https:\/\/hidel.hr\/en\/wp-json\/wp\/v2\/types\/page"}],"author":[{"embeddable":true,"href":"https:\/\/hidel.hr\/en\/wp-json\/wp\/v2\/users\/1"}],"replies":[{"embeddable":true,"href":"https:\/\/hidel.hr\/en\/wp-json\/wp\/v2\/comments?post=1410"}],"version-history":[{"count":5,"href":"https:\/\/hidel.hr\/en\/wp-json\/wp\/v2\/pages\/1410\/revisions"}],"predecessor-version":[{"id":1496,"href":"https:\/\/hidel.hr\/en\/wp-json\/wp\/v2\/pages\/1410\/revisions\/1496"}],"up":[{"embeddable":true,"href":"https:\/\/hidel.hr\/en\/wp-json\/wp\/v2\/pages\/1389"}],"wp:attachment":[{"href":"https:\/\/hidel.hr\/en\/wp-json\/wp\/v2\/media?parent=1410"}],"curies":[{"name":"wp","href":"https:\/\/api.w.org\/{rel}","templated":true}]}}