{"id":1395,"date":"2022-11-14T18:15:56","date_gmt":"2022-11-14T18:15:56","guid":{"rendered":"http:\/\/hidel.ignis-design.hr\/?page_id=1395"},"modified":"2022-12-14T12:24:00","modified_gmt":"2022-12-14T12:24:00","slug":"servis-i-remontno-odrzavanje-hidraulicnih-sustava-strojeva-i-opreme","status":"publish","type":"page","link":"https:\/\/hidel.hr\/en\/nase-usluge\/servis-i-remontno-odrzavanje-hidraulicnih-sustava-strojeva-i-opreme\/","title":{"rendered":"Service and repair maintenance of hydraulic systems, machines and equipment"},"content":{"rendered":"<div class=\"wpb-content-wrapper\"><p>[vc_row full_width=&#8221;stretch_row&#8221; type=&#8221;vc_default&#8221; margin_top=&#8221;5&#8243; margin_bottom=&#8221;15&#8243; css=&#8221;.vc_custom_1668450008866{padding-top: 40px !important;padding-bottom: 70px !important;background-color: #f1f3f5 !important;}&#8221;][vc_column width=&#8221;1\/2&#8243;][vc_column_text]<span style=\"color: #fbc02d;\"><i class=\"fa fa-cog fa-spin fa-5x fa-fw\"><\/i> <span class=\"sr-only\">Loading&#8230;<\/span><\/span>[\/vc_column_text][vc_column_text]Hydraulic drives and controls through automation and mechanization are gaining more and more importance nowadays, and nowadays it cannot be singled out anymore. A large part of modern machines and high-performance plants are operated partly or entirely hydraulically.[\/vc_column_text][\/vc_column][vc_column width=&#8221;1\/2&#8243; offset=&#8221;vc_col-lg-6 vc_col-md-6 vc_col-xs-12&#8243;]<div id=\"ultimate-heading-161269d7c80a9b0b9\" class=\"uvc-heading ult-adjust-bottom-margin ultimate-heading-161269d7c80a9b0b9 uvc-8415 accent-border-color uvc-heading-default-font-sizes\" data-hspacer=\"line_only\"  data-halign=\"left\" style=\"text-align:left\"><div class=\"uvc-main-heading ult-responsive\"  data-ultimate-target='.uvc-heading.ultimate-heading-161269d7c80a9b0b9 h3'  data-responsive-json-new='{\"font-size\":\"\",\"line-height\":\"\"}' ><h3 style=\"font-weight:bold;\">With our knowledge and experience, we can maintain all hydraulic systems<\/h3><\/div><div class=\"uvc-heading-spacer line_only\" style=\"margin-top:15px;margin-bottom:40px;height:8px;\"><span class=\"uvc-headings-line\" style=\"border-style:solid;border-bottom-width:8px;border-color:;width:80px;\"><\/span><\/div><\/div><div class=\"standard-number-list bullet-top\"><ul>\n<li>Truck program: cranes, stabilizers, truck cranes, ramps<\/li>\n<li>Hydraulic cranes, cranes<\/li>\n<li>Boat program: hydraulic winches, boat ramps, trimmers<\/li>\n<li>Special hydraulic machines: presses, splitters, car cranes, ship conveyors<\/li>\n<li>Container presses<\/li>\n<\/ul>\n<\/div>[\/vc_column][\/vc_row]<\/p>\n<\/div>","protected":false},"excerpt":{"rendered":"<p>[vc_row full_width=&#8221;stretch_row&#8221; type=&#8221;vc_default&#8221; margin_top=&#8221;5&#8243; margin_bottom=&#8221;15&#8243; css=&#8221;.vc_custom_1668450008866{padding-top: 40px !important;padding-bottom: 70px !important;background-color: #f1f3f5 !important;}&#8221;][vc_column width=&#8221;1\/2&#8243;][vc_column_text] Loading&#8230;[\/vc_column_text][vc_column_text]Hydraulic drives and controls through automation and mechanization are gaining more and more importance nowadays, and nowadays it cannot be singled out anymore. A large part of modern machines and high-performance plants are operated partly or entirely hydraulically.[\/vc_column_text][\/vc_column][vc_column width=&#8221;1\/2&#8243; offset=&#8221;vc_col-lg-6 vc_col-md-6 vc_col-xs-12&#8243;][\/vc_column][\/vc_row]<\/p>\n","protected":false},"author":1,"featured_media":0,"parent":1389,"menu_order":0,"comment_status":"closed","ping_status":"closed","template":"","meta":{"footnotes":""},"class_list":["post-1395","page","type-page","status-publish","hentry","description-off"],"yoast_head":"<!-- This site is optimized with the Yoast SEO plugin v25.6 - https:\/\/yoast.com\/wordpress\/plugins\/seo\/ -->\n<title>Service and repair maintenance of hydraulic systems, machines and equipment - Hidel hydraulics<\/title>\n<meta name=\"description\" content=\"Servisiramo i remontno odr\u017eavamo hidrauli\u010dne sustave, strojeve i opremu. Svojim znanjem i iskustvom u mogu\u0107nosti smo odr\u017eavati sve hidrauli\u010dke sustave.\" \/>\n<meta name=\"robots\" content=\"index, follow, max-snippet:-1, max-image-preview:large, max-video-preview:-1\" \/>\n<link rel=\"canonical\" href=\"https:\/\/hidel.hr\/nase-usluge\/servis-i-remontno-odrzavanje-hidraulicnih-sustava-strojeva-i-opreme\/\" \/>\n<meta property=\"og:locale\" content=\"en_US\" \/>\n<meta property=\"og:type\" content=\"article\" \/>\n<meta property=\"og:title\" content=\"[:hr]Servis i remontno odr\u017eavanje hidrauli\u010dnih sustava, strojeva i opreme[:en]Service and repair maintenance of hydraulic systems, machines and equipment[:] - Hidel hydraulics\" \/>\n<meta property=\"og:description\" content=\"Servisiramo i remontno odr\u017eavamo hidrauli\u010dne sustave, strojeve i opremu. Svojim znanjem i iskustvom u mogu\u0107nosti smo odr\u017eavati sve hidrauli\u010dke sustave.\" \/>\n<meta property=\"og:url\" content=\"https:\/\/hidel.hr\/nase-usluge\/servis-i-remontno-odrzavanje-hidraulicnih-sustava-strojeva-i-opreme\/\" \/>\n<meta property=\"og:site_name\" content=\"Hidel hydraulics\" \/>\n<meta property=\"article:modified_time\" content=\"2022-12-14T12:24:00+00:00\" \/>\n<meta name=\"twitter:card\" content=\"summary_large_image\" \/>\n<meta name=\"twitter:label1\" content=\"Est. reading time\" \/>\n\t<meta name=\"twitter:data1\" content=\"1 minute\" \/>\n<script type=\"application\/ld+json\" class=\"yoast-schema-graph\">{\"@context\":\"https:\/\/schema.org\",\"@graph\":[{\"@type\":\"WebPage\",\"@id\":\"https:\/\/hidel.hr\/nase-usluge\/servis-i-remontno-odrzavanje-hidraulicnih-sustava-strojeva-i-opreme\/\",\"url\":\"https:\/\/hidel.hr\/nase-usluge\/servis-i-remontno-odrzavanje-hidraulicnih-sustava-strojeva-i-opreme\/\",\"name\":\"[:hr]Servis i remontno odr\u017eavanje hidrauli\u010dnih sustava, strojeva i opreme[:en]Service and repair maintenance of hydraulic systems, machines and equipment[:] - Hidel hydraulics\",\"isPartOf\":{\"@id\":\"https:\/\/hidel.hr\/#website\"},\"datePublished\":\"2022-11-14T18:15:56+00:00\",\"dateModified\":\"2022-12-14T12:24:00+00:00\",\"description\":\"Servisiramo i remontno odr\u017eavamo hidrauli\u010dne sustave, strojeve i opremu. Svojim znanjem i iskustvom u mogu\u0107nosti smo odr\u017eavati sve hidrauli\u010dke sustave.\",\"breadcrumb\":{\"@id\":\"https:\/\/hidel.hr\/nase-usluge\/servis-i-remontno-odrzavanje-hidraulicnih-sustava-strojeva-i-opreme\/#breadcrumb\"},\"inLanguage\":\"en-US\",\"potentialAction\":[{\"@type\":\"ReadAction\",\"target\":[\"https:\/\/hidel.hr\/nase-usluge\/servis-i-remontno-odrzavanje-hidraulicnih-sustava-strojeva-i-opreme\/\"]}]},{\"@type\":\"BreadcrumbList\",\"@id\":\"https:\/\/hidel.hr\/nase-usluge\/servis-i-remontno-odrzavanje-hidraulicnih-sustava-strojeva-i-opreme\/#breadcrumb\",\"itemListElement\":[{\"@type\":\"ListItem\",\"position\":1,\"name\":\"Po\u010detna stranica\",\"item\":\"https:\/\/hidel.hr\/\"},{\"@type\":\"ListItem\",\"position\":2,\"name\":\"Na\u0161e usluge\",\"item\":\"https:\/\/hidel.hr\/nase-usluge\/\"},{\"@type\":\"ListItem\",\"position\":3,\"name\":\"Servis i remontno odr\u017eavanje hidrauli\u010dnih sustava, strojeva i opreme\"}]},{\"@type\":\"WebSite\",\"@id\":\"https:\/\/hidel.hr\/#website\",\"url\":\"https:\/\/hidel.hr\/\",\"name\":\"Hidel hydraulics\",\"description\":\"Service and installation of hydraulic systems\",\"potentialAction\":[{\"@type\":\"SearchAction\",\"target\":{\"@type\":\"EntryPoint\",\"urlTemplate\":\"https:\/\/hidel.hr\/?s={search_term_string}\"},\"query-input\":{\"@type\":\"PropertyValueSpecification\",\"valueRequired\":true,\"valueName\":\"search_term_string\"}}],\"inLanguage\":\"en-US\"}]}<\/script>\n<!-- \/ Yoast SEO plugin. -->","yoast_head_json":{"title":"[:hr]Servis i remontno odr\u017eavanje hidrauli\u010dnih sustava, strojeva i opreme[:en]Service and repair maintenance of hydraulic systems, machines and equipment[:] - Hidel hydraulics","description":"Servisiramo i remontno odr\u017eavamo hidrauli\u010dne sustave, strojeve i opremu. Svojim znanjem i iskustvom u mogu\u0107nosti smo odr\u017eavati sve hidrauli\u010dke sustave.","robots":{"index":"index","follow":"follow","max-snippet":"max-snippet:-1","max-image-preview":"max-image-preview:large","max-video-preview":"max-video-preview:-1"},"canonical":"https:\/\/hidel.hr\/nase-usluge\/servis-i-remontno-odrzavanje-hidraulicnih-sustava-strojeva-i-opreme\/","og_locale":"en_US","og_type":"article","og_title":"[:hr]Servis i remontno odr\u017eavanje hidrauli\u010dnih sustava, strojeva i opreme[:en]Service and repair maintenance of hydraulic systems, machines and equipment[:] - Hidel hydraulics","og_description":"Servisiramo i remontno odr\u017eavamo hidrauli\u010dne sustave, strojeve i opremu. Svojim znanjem i iskustvom u mogu\u0107nosti smo odr\u017eavati sve hidrauli\u010dke sustave.","og_url":"https:\/\/hidel.hr\/nase-usluge\/servis-i-remontno-odrzavanje-hidraulicnih-sustava-strojeva-i-opreme\/","og_site_name":"Hidel hydraulics","article_modified_time":"2022-12-14T12:24:00+00:00","twitter_card":"summary_large_image","twitter_misc":{"Est. reading time":"1 minute"},"schema":{"@context":"https:\/\/schema.org","@graph":[{"@type":"WebPage","@id":"https:\/\/hidel.hr\/nase-usluge\/servis-i-remontno-odrzavanje-hidraulicnih-sustava-strojeva-i-opreme\/","url":"https:\/\/hidel.hr\/nase-usluge\/servis-i-remontno-odrzavanje-hidraulicnih-sustava-strojeva-i-opreme\/","name":"[:hr]Servis i remontno odr\u017eavanje hidrauli\u010dnih sustava, strojeva i opreme[:en]Service and repair maintenance of hydraulic systems, machines and equipment[:] - Hidel hydraulics","isPartOf":{"@id":"https:\/\/hidel.hr\/#website"},"datePublished":"2022-11-14T18:15:56+00:00","dateModified":"2022-12-14T12:24:00+00:00","description":"Servisiramo i remontno odr\u017eavamo hidrauli\u010dne sustave, strojeve i opremu. Svojim znanjem i iskustvom u mogu\u0107nosti smo odr\u017eavati sve hidrauli\u010dke sustave.","breadcrumb":{"@id":"https:\/\/hidel.hr\/nase-usluge\/servis-i-remontno-odrzavanje-hidraulicnih-sustava-strojeva-i-opreme\/#breadcrumb"},"inLanguage":"en-US","potentialAction":[{"@type":"ReadAction","target":["https:\/\/hidel.hr\/nase-usluge\/servis-i-remontno-odrzavanje-hidraulicnih-sustava-strojeva-i-opreme\/"]}]},{"@type":"BreadcrumbList","@id":"https:\/\/hidel.hr\/nase-usluge\/servis-i-remontno-odrzavanje-hidraulicnih-sustava-strojeva-i-opreme\/#breadcrumb","itemListElement":[{"@type":"ListItem","position":1,"name":"Po\u010detna stranica","item":"https:\/\/hidel.hr\/"},{"@type":"ListItem","position":2,"name":"Na\u0161e usluge","item":"https:\/\/hidel.hr\/nase-usluge\/"},{"@type":"ListItem","position":3,"name":"Servis i remontno odr\u017eavanje hidrauli\u010dnih sustava, strojeva i opreme"}]},{"@type":"WebSite","@id":"https:\/\/hidel.hr\/#website","url":"https:\/\/hidel.hr\/","name":"Hidel hydraulics","description":"Service and installation of hydraulic systems","potentialAction":[{"@type":"SearchAction","target":{"@type":"EntryPoint","urlTemplate":"https:\/\/hidel.hr\/?s={search_term_string}"},"query-input":{"@type":"PropertyValueSpecification","valueRequired":true,"valueName":"search_term_string"}}],"inLanguage":"en-US"}]}},"_links":{"self":[{"href":"https:\/\/hidel.hr\/en\/wp-json\/wp\/v2\/pages\/1395","targetHints":{"allow":["GET"]}}],"collection":[{"href":"https:\/\/hidel.hr\/en\/wp-json\/wp\/v2\/pages"}],"about":[{"href":"https:\/\/hidel.hr\/en\/wp-json\/wp\/v2\/types\/page"}],"author":[{"embeddable":true,"href":"https:\/\/hidel.hr\/en\/wp-json\/wp\/v2\/users\/1"}],"replies":[{"embeddable":true,"href":"https:\/\/hidel.hr\/en\/wp-json\/wp\/v2\/comments?post=1395"}],"version-history":[{"count":5,"href":"https:\/\/hidel.hr\/en\/wp-json\/wp\/v2\/pages\/1395\/revisions"}],"predecessor-version":[{"id":1486,"href":"https:\/\/hidel.hr\/en\/wp-json\/wp\/v2\/pages\/1395\/revisions\/1486"}],"up":[{"embeddable":true,"href":"https:\/\/hidel.hr\/en\/wp-json\/wp\/v2\/pages\/1389"}],"wp:attachment":[{"href":"https:\/\/hidel.hr\/en\/wp-json\/wp\/v2\/media?parent=1395"}],"curies":[{"name":"wp","href":"https:\/\/api.w.org\/{rel}","templated":true}]}}