{"id":1336,"date":"2022-11-07T16:58:26","date_gmt":"2022-11-07T16:58:26","guid":{"rendered":"http:\/\/hidel.ignis-design.hr\/?page_id=1336"},"modified":"2024-06-24T11:10:15","modified_gmt":"2024-06-24T11:10:15","slug":"o-nama","status":"publish","type":"page","link":"https:\/\/hidel.hr\/en\/o-nama\/","title":{"rendered":"HIDEL d.o.o."},"content":{"rendered":"<div class=\"wpb-content-wrapper\"><p>[vc_row full_width=&#8221;stretch_row&#8221; gap=&#8221;30&#8243; type=&#8221;vc_default&#8221; margin_top=&#8221;5&#8243; margin_bottom=&#8221;15&#8243; css=&#8221;.vc_custom_1667650149365{padding-top: 70px !important;}&#8221;][vc_column offset=&#8221;vc_col-lg-6 vc_col-md-6 vc_col-xs-12&#8243; css=&#8221;.vc_custom_1493829169670{padding-bottom: 70px !important;}&#8221;]<div id=\"ultimate-heading-13769d7c83fc6acc\" class=\"uvc-heading ult-adjust-bottom-margin ultimate-heading-13769d7c83fc6acc uvc-7746 accent-border-color uvc-heading-default-font-sizes\" data-hspacer=\"line_only\"  data-halign=\"left\" style=\"text-align:left\"><div class=\"uvc-main-heading ult-responsive\"  data-ultimate-target='.uvc-heading.ultimate-heading-13769d7c83fc6acc h3'  data-responsive-json-new='{\"font-size\":\"\",\"line-height\":\"\"}' ><h3 style=\"font-weight:bold;\">Origin of the name<\/h3><\/div><div class=\"uvc-heading-spacer line_only\" style=\"margin-top:15px;margin-bottom:50px;height:8px;\"><span class=\"uvc-headings-line\" style=\"border-style:solid;border-bottom-width:8px;border-color:;width:80px;\"><\/span><\/div><\/div><style type=\"text\/css\" data-type=\"the7_shortcodes-inline-css\">.shortcode-single-image-wrap.shortcode-single-image-1b984464fb72b9a8fddb8d86580607be.enable-bg-rollover .rollover i,\n.shortcode-single-image-wrap.shortcode-single-image-1b984464fb72b9a8fddb8d86580607be.enable-bg-rollover .rollover-video i {\n  background: -webkit-linear-gradient();\n  background: linear-gradient();\n}\n.shortcode-single-image-wrap.shortcode-single-image-1b984464fb72b9a8fddb8d86580607be .rollover-icon {\n  font-size: 32px;\n  color: #ffffff;\n  min-width: 44px;\n  min-height: 44px;\n  line-height: 44px;\n  border-radius: 100px;\n  border-style: solid;\n  border-width: 0px;\n}\n.dt-icon-bg-on.shortcode-single-image-wrap.shortcode-single-image-1b984464fb72b9a8fddb8d86580607be .rollover-icon {\n  background: rgba(255,255,255,0.3);\n  box-shadow: none;\n}\n<\/style><div class=\"shortcode-single-image-wrap shortcode-single-image-1b984464fb72b9a8fddb8d86580607be alignnone  vc_custom_1668069736549 enable-bg-rollover dt-icon-bg-off\" ><div class=\"shortcode-single-image\"><div class=\"fancy-media-wrap  layzr-bg\" style=\"border-radius:3px;\"><img fetchpriority=\"high\" decoding=\"async\" class=\"preload-me lazy-load aspect\" src=\"data:image\/svg+xml,%3Csvg%20xmlns%3D&#39;http%3A%2F%2Fwww.w3.org%2F2000%2Fsvg&#39;%20viewBox%3D&#39;0%200%201000%20650&#39;%2F%3E\" data-src=\"https:\/\/hidel.hr\/wp-content\/uploads\/2022\/11\/hidel-slider-2-1000x650.jpg\" data-srcset=\"https:\/\/hidel.hr\/wp-content\/uploads\/2022\/11\/hidel-slider-2-1000x650.jpg 1000w, https:\/\/hidel.hr\/wp-content\/uploads\/2022\/11\/hidel-slider-2-1700x1105.jpg 1700w\" loading=\"eager\" sizes=\"(max-width: 1000px) 100vw, 1000px\" width=\"1000\" height=\"650\"  data-dt-location=\"https:\/\/hidel.hr\/en\/industrial-worker-working-at-production-line-in-factory\/\" style=\"--ratio: 1000 \/ 650;border-radius:3px;\" alt=\"hadraulika rijeka\" \/><\/div><\/div><\/div>[\/vc_column][vc_column offset=&#8221;vc_col-lg-6 vc_col-md-6 vc_col-xs-12&#8243; css=&#8221;.vc_custom_1493829183360{padding-bottom: 70px !important;}&#8221;][vc_single_image image=&#8221;1475&#8243; img_size=&#8221;449&#215;187&#8243; alignment=&#8221;center&#8221;][vc_column_text]We are small, specialized company that, since 1992, has been engaged in the servicing of hydraulic components and overhaul maintenance of hydraulic systems and equipment. The activity of the company &#8220;maintenance and repair of industrial, energy and construction plants and equipment&#8221; is determined by the Decision of the Commercial Court in Rijeka.<\/p>\n<p>The original activity of the company was the repair and servicing of hydraulics and electronics &#8211; hence the name HID-EL. Over the years, we have specialized in hydraulic systems, and established an experienced team for repair of the hydraulic system and electrical related to the hydraulic system.[\/vc_column_text][\/vc_column][\/vc_row][vc_row full_width=&#8221;stretch_row&#8221; gap=&#8221;30&#8243; type=&#8221;vc_default&#8221; margin_top=&#8221;5&#8243; margin_bottom=&#8221;15&#8243; css=&#8221;.vc_custom_1668069796066{padding-top: 60px !important;background-color: #f1f3f5 !important;}&#8221;][vc_column offset=&#8221;vc_col-lg-6 vc_col-md-6 vc_col-xs-12&#8243; css=&#8221;.vc_custom_1493829169670{padding-bottom: 70px !important;}&#8221;]<div id=\"ultimate-heading-159269d7c83fc71a3\" class=\"uvc-heading ult-adjust-bottom-margin ultimate-heading-159269d7c83fc71a3 uvc-6156 accent-border-color uvc-heading-default-font-sizes\" data-hspacer=\"line_only\"  data-halign=\"left\" style=\"text-align:left\"><div class=\"uvc-main-heading ult-responsive\"  data-ultimate-target='.uvc-heading.ultimate-heading-159269d7c83fc71a3 h3'  data-responsive-json-new='{\"font-size\":\"\",\"line-height\":\"\"}' ><h3 style=\"font-weight:bold;\">Specialization<\/h3><\/div><div class=\"uvc-heading-spacer line_only\" style=\"margin-top:15px;margin-bottom:50px;height:8px;\"><span class=\"uvc-headings-line\" style=\"border-style:solid;border-bottom-width:8px;border-color:;width:80px;\"><\/span><\/div><\/div>[vc_column_text]Over time, we gained more and more experience in hydraulic equipment and we are recognized as one of the highest quality services around Primorje-Gorski Kotar, Istria and Lika-Senj counties.<\/p>\n<p>&nbsp;<\/p>\n<p>The headquarters of the company is in the Kukuljanovo industrial zone, 10 km from the centre of Rijeka, where, in addition to office space, we also have a closed workshop, warehouse and machining workshop. In our warehouse, we have a large amount of spare sealing material, couplings, raw material for the manufacture of piston rods, cylinder tubes, pistons and guides, raw material for the manufacture of rigid and flexible hydraulic pipes.[\/vc_column_text][\/vc_column][vc_column offset=&#8221;vc_col-lg-6 vc_col-md-6 vc_col-xs-12&#8243; css=&#8221;.vc_custom_1493829183360{padding-bottom: 70px !important;}&#8221;]<div id=\"ultimate-heading-96969d7c83fc7204\" class=\"uvc-heading ult-adjust-bottom-margin ultimate-heading-96969d7c83fc7204 uvc-8158 accent-border-color uvc-heading-default-font-sizes\" data-hspacer=\"line_only\"  data-halign=\"left\" style=\"text-align:left\"><div class=\"uvc-main-heading ult-responsive\"  data-ultimate-target='.uvc-heading.ultimate-heading-96969d7c83fc7204 h3'  data-responsive-json-new='{\"font-size\":\"\",\"line-height\":\"\"}' ><h3 style=\"font-weight:bold;\">We have the following equipment<\/h3><\/div><div class=\"uvc-heading-spacer line_only\" style=\"margin-top:15px;margin-bottom:40px;height:8px;\"><span class=\"uvc-headings-line\" style=\"border-style:solid;border-bottom-width:8px;border-color:;width:80px;\"><\/span><\/div><\/div><div class=\"standard-number-list bullet-top\"><ul>\n<li>hydraulic equipment for testing hydraulic cylinders and other hydraulic equipment<\/li>\n<li>measuring instruments for measuring oil flow and pressure in hydraulic systems<\/li>\n<li>machines for metal processing and equipment for serving machines<\/li>\n<li>TIG, MIG and gas welding devices<\/li>\n<li>special tools and equipment for repairing hydraulic cylinders and similar equipment<\/li>\n<li>basic and special tools for work in the workshop and on the costumer sites<\/li>\n<li>hydraulic press<\/li>\n<li>transport vehicles<\/li>\n<\/ul>\n<\/div>[\/vc_column][\/vc_row][vc_row full_width=&#8221;stretch_row&#8221;][vc_column width=&#8221;1\/6&#8243;][\/vc_column][vc_column width=&#8221;2\/3&#8243; css=&#8221;.vc_custom_1671021432276{padding-top: 60px !important;padding-bottom: 80px !important;}&#8221; offset=&#8221;vc_hidden-xs&#8221;][vc_column_text]<\/p>\n<p style=\"text-align: center;\">The stability and success of our business is the result of professional and reliable work, and our specialty is satisfied customers who return to us again and again, and our suppliers who enable us to deliver the necessary materials quickly and with fer price. Many years of experience allow us to create high-quality products.<\/p>\n<p>[\/vc_column_text]<style type=\"text\/css\" data-type=\"the7_shortcodes-inline-css\">#default-btn-49f9b7bddf6145a4f0497315e05eb461 {\n  border-radius: 3px;\n  font-size: 18px;\n  line-height: 20px;\n}\n.btn-shadow#default-btn-49f9b7bddf6145a4f0497315e05eb461 {\n  box-shadow: 0 1px 6px rgba(0,0,0,0.12);\n  transition: box-shadow 0.2s ease-out, opacity 0.45s;\n}\n.btn-shadow#default-btn-49f9b7bddf6145a4f0497315e05eb461:hover {\n  box-shadow: 0 5px 11px 0 rgba(0,0,0,0.18), 0 4px 15px 0 rgba(0,0,0,0.15);\n}\n.btn-3d#default-btn-49f9b7bddf6145a4f0497315e05eb461 {\n  box-shadow: 0px 2px 0px 0px rgba(224,224,224,0.01);\n}\n.btn-3d#default-btn-49f9b7bddf6145a4f0497315e05eb461:hover {\n  box-shadow: 0px 2px 0px 0px #cf9c1c;\n}\n.btn-flat#default-btn-49f9b7bddf6145a4f0497315e05eb461 {\n  box-shadow: none;\n}\n.btn-flat#default-btn-49f9b7bddf6145a4f0497315e05eb461:hover {\n  box-shadow: none;\n}\n#default-btn-49f9b7bddf6145a4f0497315e05eb461.ico-right-side > i {\n  margin-right: 0px;\n  margin-left: 20px;\n}\n#default-btn-49f9b7bddf6145a4f0497315e05eb461 > i {\n  margin-right: 20px;\n  font-size: 14px;\n}\n#default-btn-49f9b7bddf6145a4f0497315e05eb461:not(:hover) {\n  border-width: 3px;\n  border-color: #212121 !important;\n  color: #212121;\n  background: rgba(255,255,255,0.01) !important;\n  padding: 20px 190px 20px 190px;\n}\n#default-btn-49f9b7bddf6145a4f0497315e05eb461:not(:hover) * {\n  color: #212121;\n}\n#default-btn-49f9b7bddf6145a4f0497315e05eb461:hover {\n  border-width: 0px;\n  color: #212121;\n  background: #fbc02d !important;\n  padding: 23px 193px 23px 193px;\n}\n#default-btn-49f9b7bddf6145a4f0497315e05eb461:hover * {\n  color: #212121;\n}\n#default-btn-49f9b7bddf6145a4f0497315e05eb461.ico-right-side > i {\n  margin-right: 0px;\n  margin-left: 20px;\n}\n#default-btn-49f9b7bddf6145a4f0497315e05eb461 > i {\n  margin-right: 20px;\n}\n<\/style><div class=\"btn-align-center\"><a href=\"http:\/\/hidel.hr\/kontakt\/#!\/tel\" class=\"default-btn-shortcode dt-btn link-hover-off anchor-link btn-flat \" id=\"default-btn-49f9b7bddf6145a4f0497315e05eb461\"><i class=\"fa fa-phone\"><\/i><span>Feel free to call us<\/span><\/a><\/div>[vc_empty_space height=&#8221;15px&#8221;]<style type=\"text\/css\" data-type=\"the7_shortcodes-inline-css\">#default-btn-88c63e3851f8083d509ba8e09adee1fc {\n  border-radius: 3px;\n  font-size: 18px;\n  line-height: 20px;\n}\n.btn-shadow#default-btn-88c63e3851f8083d509ba8e09adee1fc {\n  box-shadow: 0 1px 6px rgba(0,0,0,0.12);\n  transition: box-shadow 0.2s ease-out, opacity 0.45s;\n}\n.btn-shadow#default-btn-88c63e3851f8083d509ba8e09adee1fc:hover {\n  box-shadow: 0 5px 11px 0 rgba(0,0,0,0.18), 0 4px 15px 0 rgba(0,0,0,0.15);\n}\n.btn-3d#default-btn-88c63e3851f8083d509ba8e09adee1fc {\n  box-shadow: 0px 2px 0px 0px #cf9c1c;\n}\n.btn-3d#default-btn-88c63e3851f8083d509ba8e09adee1fc:hover {\n  box-shadow: 0px 2px 0px 0px #000000;\n}\n.btn-flat#default-btn-88c63e3851f8083d509ba8e09adee1fc {\n  box-shadow: none;\n}\n.btn-flat#default-btn-88c63e3851f8083d509ba8e09adee1fc:hover {\n  box-shadow: none;\n}\n#default-btn-88c63e3851f8083d509ba8e09adee1fc.ico-right-side > i {\n  margin-right: 0px;\n  margin-left: 20px;\n}\n#default-btn-88c63e3851f8083d509ba8e09adee1fc > i {\n  margin-right: 20px;\n  font-size: 14px;\n}\n#default-btn-88c63e3851f8083d509ba8e09adee1fc:not(:hover) {\n  border-width: 3px;\n  border-color: #fbc02d !important;\n  color: #212121;\n  background: #fbc02d !important;\n  padding: 20px 188px 20px 188px;\n}\n#default-btn-88c63e3851f8083d509ba8e09adee1fc:not(:hover) * {\n  color: #212121;\n}\n#default-btn-88c63e3851f8083d509ba8e09adee1fc:hover {\n  border-width: 3px;\n  border-color: #1c1e22 !important;\n  color: #fbc02d;\n  background: #1c1e22 !important;\n  padding: 20px 188px 20px 188px;\n}\n#default-btn-88c63e3851f8083d509ba8e09adee1fc:hover * {\n  color: #fbc02d;\n}\n#default-btn-88c63e3851f8083d509ba8e09adee1fc.ico-right-side > i {\n  margin-right: 0px;\n  margin-left: 20px;\n}\n#default-btn-88c63e3851f8083d509ba8e09adee1fc > i {\n  margin-right: 20px;\n}\n<\/style><div class=\"btn-align-center\"><a href=\"http:\/\/hidel.hr\/kontakt\/#!\/tel\" class=\"default-btn-shortcode dt-btn link-hover-off anchor-link btn-flat \" id=\"default-btn-88c63e3851f8083d509ba8e09adee1fc\"><i class=\"fa fa-envelope-open\"><\/i><span>Send us an email<\/span><\/a><\/div>[\/vc_column][vc_column width=&#8221;1\/6&#8243;][\/vc_column][\/vc_row][vc_row full_width=&#8221;stretch_row&#8221;][vc_column width=&#8221;1\/6&#8243;][\/vc_column][vc_column width=&#8221;2\/3&#8243; css=&#8221;.vc_custom_1671021439884{padding-top: 60px !important;padding-bottom: 80px !important;}&#8221; offset=&#8221;vc_hidden-lg vc_hidden-md vc_hidden-sm&#8221;][vc_column_text]<\/p>\n<p style=\"text-align: center;\">The stability and success of our business is the result of professional and reliable work, and our specialty is satisfied customers who return to us again and again, and our suppliers who enable us to deliver the necessary materials quickly and with fer price. Many years of experience allow us to create high-quality products.<\/p>\n<p>[\/vc_column_text]<style type=\"text\/css\" data-type=\"the7_shortcodes-inline-css\">#default-btn-e6917cf77a11179e9714fc5152473b92.ico-right-side > i {\n  margin-right: 0px;\n  margin-left: 20px;\n}\n#default-btn-e6917cf77a11179e9714fc5152473b92 > i {\n  margin-right: 20px;\n}\n<\/style><div class=\"btn-align-center\"><a href=\"http:\/\/hidel.hr\/kontakt\/#!\/tel\" class=\"default-btn-shortcode dt-btn dt-btn-m link-hover-off anchor-link \" id=\"default-btn-e6917cf77a11179e9714fc5152473b92\"><i class=\"fa fa-phone\"><\/i><span>Feel free to call us<\/span><\/a><\/div>[vc_empty_space height=&#8221;15px&#8221;]<style type=\"text\/css\" data-type=\"the7_shortcodes-inline-css\">#default-btn-c17984a3fadc6c7c796cc145f16cfb97.ico-right-side > i {\n  margin-right: 0px;\n  margin-left: 20px;\n}\n#default-btn-c17984a3fadc6c7c796cc145f16cfb97 > i {\n  margin-right: 20px;\n}\n<\/style><div class=\"btn-align-center\"><a href=\"http:\/\/hidel.hr\/kontakt\/#!\/tel\" class=\"default-btn-shortcode dt-btn dt-btn-m link-hover-off anchor-link \" id=\"default-btn-c17984a3fadc6c7c796cc145f16cfb97\"><i class=\"fa fa-envelope-open\"><\/i><span>Send us an email<\/span><\/a><\/div>[\/vc_column][vc_column width=&#8221;1\/6&#8243;][\/vc_column][\/vc_row]<\/p>\n<\/div>","protected":false},"excerpt":{"rendered":"<p>[vc_row full_width=&#8221;stretch_row&#8221; gap=&#8221;30&#8243; type=&#8221;vc_default&#8221; margin_top=&#8221;5&#8243; margin_bottom=&#8221;15&#8243; css=&#8221;.vc_custom_1667650149365{padding-top: 70px !important;}&#8221;][vc_column offset=&#8221;vc_col-lg-6 vc_col-md-6 vc_col-xs-12&#8243; css=&#8221;.vc_custom_1493829169670{padding-bottom: 70px !important;}&#8221;][\/vc_column][vc_column offset=&#8221;vc_col-lg-6 vc_col-md-6 vc_col-xs-12&#8243; css=&#8221;.vc_custom_1493829183360{padding-bottom: 70px !important;}&#8221;][vc_single_image image=&#8221;1475&#8243; img_size=&#8221;449&#215;187&#8243; alignment=&#8221;center&#8221;][vc_column_text]We are small, specialized company that, since 1992, has been engaged in the servicing of hydraulic components and overhaul maintenance of hydraulic systems and equipment. The activity of the company &#8220;maintenance and&hellip;<\/p>\n","protected":false},"author":1,"featured_media":0,"parent":0,"menu_order":1,"comment_status":"closed","ping_status":"closed","template":"","meta":{"footnotes":""},"class_list":["post-1336","page","type-page","status-publish","hentry","description-off"],"yoast_head":"<!-- This site is optimized with the Yoast SEO plugin v25.6 - https:\/\/yoast.com\/wordpress\/plugins\/seo\/ -->\n<title>HIDEL d.o.o. - Hidel hydraulics<\/title>\n<meta name=\"description\" content=\"Preko 30 godina bavimo se servisiranjem hidrauli\u010dkih komponenti i remontnim odr\u017eavanjem hidrauli\u010dnih sustava i opreme. Upoznajte nas.\" \/>\n<meta name=\"robots\" content=\"index, follow, max-snippet:-1, max-image-preview:large, max-video-preview:-1\" \/>\n<link rel=\"canonical\" href=\"https:\/\/hidel.hr\/o-nama\/\" \/>\n<meta property=\"og:locale\" content=\"en_US\" \/>\n<meta property=\"og:type\" content=\"article\" \/>\n<meta property=\"og:title\" content=\"HIDEL d.o.o. - Hidel hydraulics\" \/>\n<meta property=\"og:description\" content=\"Preko 30 godina bavimo se servisiranjem hidrauli\u010dkih komponenti i remontnim odr\u017eavanjem hidrauli\u010dnih sustava i opreme. Upoznajte nas.\" \/>\n<meta property=\"og:url\" content=\"https:\/\/hidel.hr\/o-nama\/\" \/>\n<meta property=\"og:site_name\" content=\"Hidel hydraulics\" \/>\n<meta property=\"article:modified_time\" content=\"2024-06-24T11:10:15+00:00\" \/>\n<meta name=\"twitter:card\" content=\"summary_large_image\" \/>\n<meta name=\"twitter:label1\" content=\"Est. reading time\" \/>\n\t<meta name=\"twitter:data1\" content=\"6 minutes\" \/>\n<script type=\"application\/ld+json\" class=\"yoast-schema-graph\">{\"@context\":\"https:\/\/schema.org\",\"@graph\":[{\"@type\":\"WebPage\",\"@id\":\"https:\/\/hidel.hr\/o-nama\/\",\"url\":\"https:\/\/hidel.hr\/o-nama\/\",\"name\":\"HIDEL d.o.o. - Hidel hydraulics\",\"isPartOf\":{\"@id\":\"https:\/\/hidel.hr\/#website\"},\"datePublished\":\"2022-11-07T16:58:26+00:00\",\"dateModified\":\"2024-06-24T11:10:15+00:00\",\"description\":\"Preko 30 godina bavimo se servisiranjem hidrauli\u010dkih komponenti i remontnim odr\u017eavanjem hidrauli\u010dnih sustava i opreme. Upoznajte nas.\",\"breadcrumb\":{\"@id\":\"https:\/\/hidel.hr\/o-nama\/#breadcrumb\"},\"inLanguage\":\"en-US\",\"potentialAction\":[{\"@type\":\"ReadAction\",\"target\":[\"https:\/\/hidel.hr\/o-nama\/\"]}]},{\"@type\":\"BreadcrumbList\",\"@id\":\"https:\/\/hidel.hr\/o-nama\/#breadcrumb\",\"itemListElement\":[{\"@type\":\"ListItem\",\"position\":1,\"name\":\"Po\u010detna stranica\",\"item\":\"https:\/\/hidel.hr\/\"},{\"@type\":\"ListItem\",\"position\":2,\"name\":\"HIDEL d.o.o.\"}]},{\"@type\":\"WebSite\",\"@id\":\"https:\/\/hidel.hr\/#website\",\"url\":\"https:\/\/hidel.hr\/\",\"name\":\"Hidel hydraulics\",\"description\":\"Service and installation of hydraulic systems\",\"potentialAction\":[{\"@type\":\"SearchAction\",\"target\":{\"@type\":\"EntryPoint\",\"urlTemplate\":\"https:\/\/hidel.hr\/?s={search_term_string}\"},\"query-input\":{\"@type\":\"PropertyValueSpecification\",\"valueRequired\":true,\"valueName\":\"search_term_string\"}}],\"inLanguage\":\"en-US\"}]}<\/script>\n<!-- \/ Yoast SEO plugin. -->","yoast_head_json":{"title":"HIDEL d.o.o. - Hidel hydraulics","description":"Preko 30 godina bavimo se servisiranjem hidrauli\u010dkih komponenti i remontnim odr\u017eavanjem hidrauli\u010dnih sustava i opreme. Upoznajte nas.","robots":{"index":"index","follow":"follow","max-snippet":"max-snippet:-1","max-image-preview":"max-image-preview:large","max-video-preview":"max-video-preview:-1"},"canonical":"https:\/\/hidel.hr\/o-nama\/","og_locale":"en_US","og_type":"article","og_title":"HIDEL d.o.o. - Hidel hydraulics","og_description":"Preko 30 godina bavimo se servisiranjem hidrauli\u010dkih komponenti i remontnim odr\u017eavanjem hidrauli\u010dnih sustava i opreme. Upoznajte nas.","og_url":"https:\/\/hidel.hr\/o-nama\/","og_site_name":"Hidel hydraulics","article_modified_time":"2024-06-24T11:10:15+00:00","twitter_card":"summary_large_image","twitter_misc":{"Est. reading time":"6 minutes"},"schema":{"@context":"https:\/\/schema.org","@graph":[{"@type":"WebPage","@id":"https:\/\/hidel.hr\/o-nama\/","url":"https:\/\/hidel.hr\/o-nama\/","name":"HIDEL d.o.o. - Hidel hydraulics","isPartOf":{"@id":"https:\/\/hidel.hr\/#website"},"datePublished":"2022-11-07T16:58:26+00:00","dateModified":"2024-06-24T11:10:15+00:00","description":"Preko 30 godina bavimo se servisiranjem hidrauli\u010dkih komponenti i remontnim odr\u017eavanjem hidrauli\u010dnih sustava i opreme. Upoznajte nas.","breadcrumb":{"@id":"https:\/\/hidel.hr\/o-nama\/#breadcrumb"},"inLanguage":"en-US","potentialAction":[{"@type":"ReadAction","target":["https:\/\/hidel.hr\/o-nama\/"]}]},{"@type":"BreadcrumbList","@id":"https:\/\/hidel.hr\/o-nama\/#breadcrumb","itemListElement":[{"@type":"ListItem","position":1,"name":"Po\u010detna stranica","item":"https:\/\/hidel.hr\/"},{"@type":"ListItem","position":2,"name":"HIDEL d.o.o."}]},{"@type":"WebSite","@id":"https:\/\/hidel.hr\/#website","url":"https:\/\/hidel.hr\/","name":"Hidel hydraulics","description":"Service and installation of hydraulic systems","potentialAction":[{"@type":"SearchAction","target":{"@type":"EntryPoint","urlTemplate":"https:\/\/hidel.hr\/?s={search_term_string}"},"query-input":{"@type":"PropertyValueSpecification","valueRequired":true,"valueName":"search_term_string"}}],"inLanguage":"en-US"}]}},"_links":{"self":[{"href":"https:\/\/hidel.hr\/en\/wp-json\/wp\/v2\/pages\/1336","targetHints":{"allow":["GET"]}}],"collection":[{"href":"https:\/\/hidel.hr\/en\/wp-json\/wp\/v2\/pages"}],"about":[{"href":"https:\/\/hidel.hr\/en\/wp-json\/wp\/v2\/types\/page"}],"author":[{"embeddable":true,"href":"https:\/\/hidel.hr\/en\/wp-json\/wp\/v2\/users\/1"}],"replies":[{"embeddable":true,"href":"https:\/\/hidel.hr\/en\/wp-json\/wp\/v2\/comments?post=1336"}],"version-history":[{"count":5,"href":"https:\/\/hidel.hr\/en\/wp-json\/wp\/v2\/pages\/1336\/revisions"}],"predecessor-version":[{"id":1515,"href":"https:\/\/hidel.hr\/en\/wp-json\/wp\/v2\/pages\/1336\/revisions\/1515"}],"wp:attachment":[{"href":"https:\/\/hidel.hr\/en\/wp-json\/wp\/v2\/media?parent=1336"}],"curies":[{"name":"wp","href":"https:\/\/api.w.org\/{rel}","templated":true}]}}